{"id":727,"date":"2021-12-17T15:34:41","date_gmt":"2021-12-17T15:34:41","guid":{"rendered":"https:\/\/fokken-team.de\/?page_id=727"},"modified":"2025-04-08T23:20:08","modified_gmt":"2025-04-08T23:20:08","slug":"datenschutz","status":"publish","type":"page","link":"https:\/\/fokken-team.de\/?page_id=727","title":{"rendered":"Datenschutz"},"content":{"rendered":"\t\t<div data-elementor-type=\"wp-page\" data-elementor-id=\"727\" class=\"elementor elementor-727\">\n\t\t\t\t\t\t<section class=\"elementor-section elementor-top-section elementor-element elementor-element-1c0a8338 elementor-section-boxed elementor-section-height-default elementor-section-height-default\" data-id=\"1c0a8338\" data-element_type=\"section\">\n\t\t\t\t\t\t<div class=\"elementor-container elementor-column-gap-default\">\n\t\t\t\t\t<div class=\"elementor-column elementor-col-100 elementor-top-column elementor-element elementor-element-7c5f997e\" data-id=\"7c5f997e\" data-element_type=\"column\">\n\t\t\t<div class=\"elementor-widget-wrap elementor-element-populated\">\n\t\t\t\t\t\t<div class=\"elementor-element elementor-element-e19a133 elementor-widget elementor-widget-menu-anchor\" data-id=\"e19a133\" data-element_type=\"widget\" data-widget_type=\"menu-anchor.default\">\n\t\t\t\t<div class=\"elementor-widget-container\">\n\t\t\t\t\t\t\t<div class=\"elementor-menu-anchor\" id=\"Unsere-Preise\"><\/div>\n\t\t\t\t\t\t<\/div>\n\t\t\t\t<\/div>\n\t\t\t\t\t<\/div>\n\t\t<\/div>\n\t\t\t\t\t<\/div>\n\t\t<\/section>\n\t\t\t\t<section class=\"elementor-section elementor-top-section elementor-element elementor-element-771adcba elementor-section-boxed elementor-section-height-default elementor-section-height-default\" data-id=\"771adcba\" data-element_type=\"section\">\n\t\t\t\t\t\t<div class=\"elementor-container elementor-column-gap-default\">\n\t\t\t\t\t<div class=\"elementor-column elementor-col-50 elementor-top-column elementor-element elementor-element-a08cee9\" data-id=\"a08cee9\" data-element_type=\"column\">\n\t\t\t<div class=\"elementor-widget-wrap\">\n\t\t\t\t\t\t\t<\/div>\n\t\t<\/div>\n\t\t\t\t<div class=\"elementor-column elementor-col-50 elementor-top-column elementor-element elementor-element-75ecfb2a\" data-id=\"75ecfb2a\" data-element_type=\"column\" data-settings=\"{&quot;background_background&quot;:&quot;classic&quot;}\">\n\t\t\t<div class=\"elementor-widget-wrap elementor-element-populated\">\n\t\t\t\t\t\t<div class=\"elementor-element elementor-element-68012fef elementor-widget elementor-widget-heading\" data-id=\"68012fef\" data-element_type=\"widget\" data-widget_type=\"heading.default\">\n\t\t\t\t<div class=\"elementor-widget-container\">\n\t\t\t\t\t<h2 class=\"elementor-heading-title elementor-size-default\">Datenschutzerkl\u00e4rung<\/h2>\t\t\t\t<\/div>\n\t\t\t\t<\/div>\n\t\t\t\t<div class=\"elementor-element elementor-element-3a0fb533 elementor-widget elementor-widget-text-editor\" data-id=\"3a0fb533\" data-element_type=\"widget\" data-widget_type=\"text-editor.default\">\n\t\t\t\t<div class=\"elementor-widget-container\">\n\t\t\t\t\t\t\t\t\t<p class=\"p1\">\u00a0<\/p><p class=\"p1\"><b>1. Verantwortlicher<\/b><\/p><p class=\"p2\">HDI Generalvertretung Heike Fokken<\/p><p class=\"p2\">Mittenwalder Strasse 17b<\/p><p class=\"p2\">82467 Garmisch-Partenkirchen<\/p><p class=\"p2\">Telefon: 0841 &#8211; 93 89 45 60<\/p><p class=\"p2\">E-Mail: info@fokken-team.de<\/p><p class=\"p2\">Website: https:\/\/fokken-team.de<\/p><p class=\"p1\"><b>2. Allgemeines zur Datenverarbeitung<\/b><\/p><p class=\"p2\">Wir verarbeiten Ihre personenbezogenen Daten nur im Rahmen der gesetzlichen Bestimmungen (DSGVO,<\/p><p class=\"p2\">BDSG, TMG). Diese Datenschutzerkl\u00e4rung informiert Sie \u00fcber Art, Umfang und Zweck der Verarbeitung von<\/p><p class=\"p2\">personenbezogenen Daten auf unserer Website.<\/p><p class=\"p1\"><b>3. Erhebung und Speicherung personenbezogener Daten sowie Art und Zweck von deren<\/b><\/p><p class=\"p1\"><b>Verwendung<\/b><\/p><p class=\"p2\">a) Beim Besuch der Website<\/p><p class=\"p2\">Beim Aufrufen unserer Website werden automatisch folgende Daten an unseren Server \u00fcbermittelt:<\/p><p class=\"p2\">&#8211; IP-Adresse<\/p><p class=\"p2\">&#8211; Datum und Uhrzeit des Zugriffs<\/p><p class=\"p2\">&#8211; Name und URL der abgerufenen Datei<\/p><p class=\"p2\">&#8211; Website, von der aus der Zugriff erfolgt<\/p><p class=\"p2\">&#8211; verwendeter Browser und ggf. Betriebssystem<\/p><p class=\"p2\">Zweck: Verbindungsaufbau zur Website, Systemstabilit\u00e4t, technische Administration<\/p><p class=\"p2\">Rechtsgrundlage: Art. 6 Abs. 1 lit. f DSGVO<\/p><p class=\"p2\">b) Kontaktformular<\/p><p class=\"p2\">Wenn Sie unser Kontaktformular nutzen, speichern wir folgende Daten:<\/p><p class=\"p2\">&#8211; Name, E-Mail-Adresse, Nachricht<\/p><p class=\"p2\">Zweck: Bearbeitung Ihrer Anfrage<\/p><p class=\"p2\">Rechtsgrundlage: Art. 6 Abs. 1 lit. b DSGVO<span class=\"s1\"><b>Datenschutzerkl\u00e4rung<\/b><\/span><\/p><p class=\"p1\"><b>4. Google Analytics<\/b><\/p><p class=\"p2\">Diese Website verwendet Google Analytics, einen Webanalysedienst der Google Ireland Limited. Die<\/p><p class=\"p2\">erzeugten Informationen werden in der Regel an Server von Google in den USA \u00fcbertragen. IP-Adressen<\/p><p class=\"p2\">werden anonymisiert.<\/p><p class=\"p2\">Zweck: Analyse des Nutzerverhaltens zur Optimierung der Website<\/p><p class=\"p2\">Rechtsgrundlage: Art. 6 Abs. 1 lit. a DSGVO<\/p><p class=\"p2\">Widerruf: \u00dcber Cookie-Banner oder Browser-Add-on (https:\/\/tools.google.com\/dlpage\/gaoptout?hl=de)<\/p><p class=\"p1\"><b>5. Google Maps<\/b><\/p><p class=\"p2\">Diese Website bindet Google Maps ein. Beim Aufruf einer Seite mit eingebetteter Karte kann Google Daten<\/p><p class=\"p2\">(einschlie\u00dflich IP-Adresse) erheben.<\/p><p class=\"p2\">Zweck: Benutzerfreundliche Darstellung von Anfahrtsinformationen<\/p><p class=\"p2\">Rechtsgrundlage: Art. 6 Abs. 1 lit. a DSGVO<\/p><p class=\"p2\">Hinweis: Daten\u00fcbertragung in die USA m\u00f6glich, Google ist zertifiziert nach EU-U.S. Data Privacy Framework.<\/p><p class=\"p1\"><b>6. Cookies<\/b><\/p><p class=\"p2\">Wir verwenden Cookies. Einige sind technisch notwendig, andere dienen der Analyse oder Verbesserung der<\/p><p class=\"p2\">Website.<\/p><p class=\"p2\">Rechtsgrundlage: Art. 6 Abs. 1 lit. a DSGVO<\/p><p class=\"p2\">Hinweis: Sie k\u00f6nnen Cookies im Browser deaktivieren oder l\u00f6schen.<\/p><p class=\"p1\"><b>7. Betroffenenrechte<\/b><\/p><p class=\"p2\">Sie haben das Recht auf:<\/p><p class=\"p2\">&#8211; Auskunft (Art. 15 DSGVO)<\/p><p class=\"p2\">&#8211; Berichtigung (Art. 16 DSGVO)<\/p><p class=\"p2\">&#8211; L\u00f6schung (Art. 17 DSGVO)<\/p><p class=\"p2\">&#8211; Einschr\u00e4nkung der Verarbeitung (Art. 18 DSGVO)<\/p><p class=\"p2\">&#8211; Daten\u00fcbertragbarkeit (Art. 20 DSGVO)<\/p><p class=\"p2\">&#8211; Widerspruch (Art. 21 DSGVO)<\/p><p class=\"p2\">&#8211; Widerruf einer Einwilligung (Art. 7 Abs. 3 DSGVO)<span class=\"s1\"><b>Datenschutzerkl\u00e4rung<\/b><\/span><\/p><p class=\"p2\">&#8211; Beschwerde bei einer Aufsichtsbeh\u00f6rde (Art. 77 DSGVO)<\/p><p class=\"p1\"><b>8. Datensicherheit<\/b><\/p><p class=\"p2\">Diese Seite verwendet SSL-\/TLS-Verschl\u00fcsselung (https), um Ihre Daten bei der \u00dcbertragung zu sch\u00fctzen.<\/p><p class=\"p1\"><b>9. \u00c4nderungen<\/b><\/p><p class=\"p2\">Diese Datenschutzerkl\u00e4rung ist aktuell g\u00fcltig (Stand: 08.04.2025). \u00c4nderungen aufgrund gesetzlicher oder<\/p><p class=\"p2\">technischer Entwicklungen behalten wir uns vor.<\/p><p class=\"p1\"><b>Datenschutzerkl\u00e4rung<\/b><\/p><p class=\"p1\"><b>1. Verantwortlicher<\/b><\/p><p class=\"p2\">HDI Generalvertretung Heike Fokken<\/p><p class=\"p2\">Mittenwalder Strasse 17b<\/p><p class=\"p2\">82467 Garmisch-Partenkirchen<\/p><p class=\"p2\">Telefon: 0841 &#8211; 93 89 45 60<\/p><p class=\"p2\">E-Mail: info@fokken-team.de<\/p><p class=\"p2\">Website: https:\/\/fokken-team.de<\/p><p class=\"p1\"><b>2. Allgemeines zur Datenverarbeitung<\/b><\/p><p class=\"p2\">Wir verarbeiten Ihre personenbezogenen Daten nur im Rahmen der gesetzlichen Bestimmungen (DSGVO,<\/p><p class=\"p2\">BDSG, TMG). Diese Datenschutzerkl\u00e4rung informiert Sie \u00fcber Art, Umfang und Zweck der Verarbeitung von<\/p><p class=\"p2\">personenbezogenen Daten auf unserer Website.<\/p><p class=\"p1\"><b>3. Erhebung und Speicherung personenbezogener Daten sowie Art und Zweck von deren<\/b><\/p><p class=\"p1\"><b>Verwendung<\/b><\/p><p class=\"p2\">a) Beim Besuch der Website<\/p><p class=\"p2\">Beim Aufrufen unserer Website werden automatisch folgende Daten an unseren Server \u00fcbermittelt:<\/p><p class=\"p2\">&#8211; IP-Adresse<\/p><p class=\"p2\">&#8211; Datum und Uhrzeit des Zugriffs<\/p><p class=\"p2\">&#8211; Name und URL der abgerufenen Datei<\/p><p class=\"p2\">&#8211; Website, von der aus der Zugriff erfolgt<\/p><p class=\"p2\">&#8211; verwendeter Browser und ggf. Betriebssystem<\/p><p class=\"p2\">Zweck: Verbindungsaufbau zur Website, Systemstabilit\u00e4t, technische Administration<\/p><p class=\"p2\">Rechtsgrundlage: Art. 6 Abs. 1 lit. f DSGVO<\/p><p class=\"p2\">b) Kontaktformular<\/p><p class=\"p2\">Wenn Sie unser Kontaktformular nutzen, speichern wir folgende Daten:<\/p><p class=\"p2\">&#8211; Name, E-Mail-Adresse, Nachricht<\/p><p class=\"p2\">Zweck: Bearbeitung Ihrer Anfrage<\/p><p class=\"p2\">Rechtsgrundlage: Art. 6 Abs. 1 lit. b DSGVO<span class=\"s1\"><b>Datenschutzerkl\u00e4rung<\/b><\/span><\/p><p class=\"p1\"><b>4. Google Analytics<\/b><\/p><p class=\"p2\">Diese Website verwendet Google Analytics, einen Webanalysedienst der Google Ireland Limited. Die<\/p><p class=\"p2\">erzeugten Informationen werden in der Regel an Server von Google in den USA \u00fcbertragen. IP-Adressen<\/p><p class=\"p2\">werden anonymisiert.<\/p><p class=\"p2\">Zweck: Analyse des Nutzerverhaltens zur Optimierung der Website<\/p><p class=\"p2\">Rechtsgrundlage: Art. 6 Abs. 1 lit. a DSGVO<\/p><p class=\"p2\">Widerruf: \u00dcber Cookie-Banner oder Browser-Add-on (https:\/\/tools.google.com\/dlpage\/gaoptout?hl=de)<\/p><p class=\"p1\"><b>5. Google Maps<\/b><\/p><p class=\"p2\">Diese Website bindet Google Maps ein. Beim Aufruf einer Seite mit eingebetteter Karte kann Google Daten<\/p><p class=\"p2\">(einschlie\u00dflich IP-Adresse) erheben.<\/p><p class=\"p2\">Zweck: Benutzerfreundliche Darstellung von Anfahrtsinformationen<\/p><p class=\"p2\">Rechtsgrundlage: Art. 6 Abs. 1 lit. a DSGVO<\/p><p class=\"p2\">Hinweis: Daten\u00fcbertragung in die USA m\u00f6glich, Google ist zertifiziert nach EU-U.S. Data Privacy Framework.<\/p><p class=\"p1\"><b>6. Cookies<\/b><\/p><p class=\"p2\">Wir verwenden Cookies. Einige sind technisch notwendig, andere dienen der Analyse oder Verbesserung der<\/p><p class=\"p2\">Website.<\/p><p class=\"p2\">Rechtsgrundlage: Art. 6 Abs. 1 lit. a DSGVO<\/p><p class=\"p2\">Hinweis: Sie k\u00f6nnen Cookies im Browser deaktivieren oder l\u00f6schen.<\/p><p class=\"p1\"><b>7. Betroffenenrechte<\/b><\/p><p class=\"p2\">Sie haben das Recht auf:<\/p><p class=\"p2\">&#8211; Auskunft (Art. 15 DSGVO)<\/p><p class=\"p2\">&#8211; Berichtigung (Art. 16 DSGVO)<\/p><p class=\"p2\">&#8211; L\u00f6schung (Art. 17 DSGVO)<\/p><p class=\"p2\">&#8211; Einschr\u00e4nkung der Verarbeitung (Art. 18 DSGVO)<\/p><p class=\"p2\">&#8211; Daten\u00fcbertragbarkeit (Art. 20 DSGVO)<\/p><p class=\"p2\">&#8211; Widerspruch (Art. 21 DSGVO)<\/p><p class=\"p2\">&#8211; Widerruf einer Einwilligung (Art. 7 Abs. 3 DSGVO)<span class=\"s1\"><b>Datenschutzerkl\u00e4rung<\/b><\/span><\/p><p class=\"p2\">&#8211; Beschwerde bei einer Aufsichtsbeh\u00f6rde (Art. 77 DSGVO)<\/p><p class=\"p1\"><b>8. Datensicherheit<\/b><\/p><p class=\"p2\">Diese Seite verwendet SSL-\/TLS-Verschl\u00fcsselung (https), um Ihre Daten bei der \u00dcbertragung zu sch\u00fctzen.<\/p><p class=\"p1\"><b>9. \u00c4nderungen<\/b><\/p><p class=\"p2\">Diese Datenschutzerkl\u00e4rung ist aktuell g\u00fcltig (Stand: 08.04.2025). \u00c4nderungen aufgrund gesetzlicher oder<\/p><p class=\"p2\">technischer Entwicklungen behalten wir uns vor.<\/p>\t\t\t\t\t\t\t\t<\/div>\n\t\t\t\t<\/div>\n\t\t\t\t\t<\/div>\n\t\t<\/div>\n\t\t\t\t\t<\/div>\n\t\t<\/section>\n\t\t\t\t<\/div>\n\t\t","protected":false},"excerpt":{"rendered":"<p>Datenschutzerkl\u00e4rung \u00a0 1. Verantwortlicher HDI Generalvertretung Heike Fokken Mittenwalder Strasse 17b 82467 Garmisch-Partenkirchen Telefon: 0841 &#8211; 93 89 45 60 E-Mail: info@fokken-team.de Website: https:\/\/fokken-team.de 2. Allgemeines zur Datenverarbeitung Wir verarbeiten Ihre personenbezogenen Daten nur im Rahmen der gesetzlichen Bestimmungen (DSGVO, BDSG, TMG). Diese Datenschutzerkl\u00e4rung informiert Sie \u00fcber Art, Umfang und Zweck der Verarbeitung von personenbezogenen [&#8230;]\n","protected":false},"author":1,"featured_media":0,"parent":0,"menu_order":0,"comment_status":"closed","ping_status":"closed","template":"","meta":{"footnotes":""},"class_list":["post-727","page","type-page","status-publish","hentry"],"yoast_head":"<!-- This site is optimized with the Yoast SEO plugin v24.8.1 - https:\/\/yoast.com\/wordpress\/plugins\/seo\/ -->\n<title>Datenschutz - Fokken &amp; Team<\/title>\n<meta name=\"robots\" content=\"index, follow, max-snippet:-1, max-image-preview:large, max-video-preview:-1\" \/>\n<link rel=\"canonical\" href=\"https:\/\/fokken-team.de\/?page_id=727\" \/>\n<meta property=\"og:locale\" content=\"de_DE\" \/>\n<meta property=\"og:type\" content=\"article\" \/>\n<meta property=\"og:title\" content=\"Datenschutz - Fokken &amp; Team\" \/>\n<meta property=\"og:description\" content=\"Datenschutzerkl\u00e4rung \u00a0 1. Verantwortlicher HDI Generalvertretung Heike Fokken Mittenwalder Strasse 17b 82467 Garmisch-Partenkirchen Telefon: 0841 &#8211; 93 89 45 60 E-Mail: info@fokken-team.de Website: https:\/\/fokken-team.de 2. Allgemeines zur Datenverarbeitung Wir verarbeiten Ihre personenbezogenen Daten nur im Rahmen der gesetzlichen Bestimmungen (DSGVO, BDSG, TMG). Diese Datenschutzerkl\u00e4rung informiert Sie \u00fcber Art, Umfang und Zweck der Verarbeitung von personenbezogenen [...]\" \/>\n<meta property=\"og:url\" content=\"https:\/\/fokken-team.de\/?page_id=727\" \/>\n<meta property=\"og:site_name\" content=\"Fokken &amp; Team\" \/>\n<meta property=\"article:modified_time\" content=\"2025-04-08T23:20:08+00:00\" \/>\n<meta name=\"twitter:card\" content=\"summary_large_image\" \/>\n<meta name=\"twitter:label1\" content=\"Gesch\u00e4tzte Lesezeit\" \/>\n\t<meta name=\"twitter:data1\" content=\"3\u00a0Minuten\" \/>\n<script type=\"application\/ld+json\" class=\"yoast-schema-graph\">{\"@context\":\"https:\/\/schema.org\",\"@graph\":[{\"@type\":\"WebPage\",\"@id\":\"https:\/\/fokken-team.de\/?page_id=727\",\"url\":\"https:\/\/fokken-team.de\/?page_id=727\",\"name\":\"Datenschutz - Fokken &amp; Team\",\"isPartOf\":{\"@id\":\"https:\/\/fokken-team.de\/#website\"},\"datePublished\":\"2021-12-17T15:34:41+00:00\",\"dateModified\":\"2025-04-08T23:20:08+00:00\",\"breadcrumb\":{\"@id\":\"https:\/\/fokken-team.de\/?page_id=727#breadcrumb\"},\"inLanguage\":\"de\",\"potentialAction\":[{\"@type\":\"ReadAction\",\"target\":[\"https:\/\/fokken-team.de\/?page_id=727\"]}]},{\"@type\":\"BreadcrumbList\",\"@id\":\"https:\/\/fokken-team.de\/?page_id=727#breadcrumb\",\"itemListElement\":[{\"@type\":\"ListItem\",\"position\":1,\"name\":\"Startseite\",\"item\":\"https:\/\/fokken-team.de\/\"},{\"@type\":\"ListItem\",\"position\":2,\"name\":\"Datenschutz\"}]},{\"@type\":\"WebSite\",\"@id\":\"https:\/\/fokken-team.de\/#website\",\"url\":\"https:\/\/fokken-team.de\/\",\"name\":\"Fokken & Kollegen\",\"description\":\"\",\"publisher\":{\"@id\":\"https:\/\/fokken-team.de\/#organization\"},\"potentialAction\":[{\"@type\":\"SearchAction\",\"target\":{\"@type\":\"EntryPoint\",\"urlTemplate\":\"https:\/\/fokken-team.de\/?s={search_term_string}\"},\"query-input\":{\"@type\":\"PropertyValueSpecification\",\"valueRequired\":true,\"valueName\":\"search_term_string\"}}],\"inLanguage\":\"de\"},{\"@type\":\"Organization\",\"@id\":\"https:\/\/fokken-team.de\/#organization\",\"name\":\"Fokken & Kollegen\",\"url\":\"https:\/\/fokken-team.de\/\",\"logo\":{\"@type\":\"ImageObject\",\"inLanguage\":\"de\",\"@id\":\"https:\/\/fokken-team.de\/#\/schema\/logo\/image\/\",\"url\":\"https:\/\/fokken-team.de\/wp-content\/uploads\/2020\/03\/cropped-cropped-entwuerfe_fokken-kollegen_logo_vorabversion-e1639586232564.png\",\"contentUrl\":\"https:\/\/fokken-team.de\/wp-content\/uploads\/2020\/03\/cropped-cropped-entwuerfe_fokken-kollegen_logo_vorabversion-e1639586232564.png\",\"width\":350,\"height\":192,\"caption\":\"Fokken & Kollegen\"},\"image\":{\"@id\":\"https:\/\/fokken-team.de\/#\/schema\/logo\/image\/\"}}]}<\/script>\n<!-- \/ Yoast SEO plugin. -->","yoast_head_json":{"title":"Datenschutz - Fokken &amp; Team","robots":{"index":"index","follow":"follow","max-snippet":"max-snippet:-1","max-image-preview":"max-image-preview:large","max-video-preview":"max-video-preview:-1"},"canonical":"https:\/\/fokken-team.de\/?page_id=727","og_locale":"de_DE","og_type":"article","og_title":"Datenschutz - Fokken &amp; Team","og_description":"Datenschutzerkl\u00e4rung \u00a0 1. Verantwortlicher HDI Generalvertretung Heike Fokken Mittenwalder Strasse 17b 82467 Garmisch-Partenkirchen Telefon: 0841 &#8211; 93 89 45 60 E-Mail: info@fokken-team.de Website: https:\/\/fokken-team.de 2. Allgemeines zur Datenverarbeitung Wir verarbeiten Ihre personenbezogenen Daten nur im Rahmen der gesetzlichen Bestimmungen (DSGVO, BDSG, TMG). Diese Datenschutzerkl\u00e4rung informiert Sie \u00fcber Art, Umfang und Zweck der Verarbeitung von personenbezogenen [...]","og_url":"https:\/\/fokken-team.de\/?page_id=727","og_site_name":"Fokken &amp; Team","article_modified_time":"2025-04-08T23:20:08+00:00","twitter_card":"summary_large_image","twitter_misc":{"Gesch\u00e4tzte Lesezeit":"3\u00a0Minuten"},"schema":{"@context":"https:\/\/schema.org","@graph":[{"@type":"WebPage","@id":"https:\/\/fokken-team.de\/?page_id=727","url":"https:\/\/fokken-team.de\/?page_id=727","name":"Datenschutz - Fokken &amp; Team","isPartOf":{"@id":"https:\/\/fokken-team.de\/#website"},"datePublished":"2021-12-17T15:34:41+00:00","dateModified":"2025-04-08T23:20:08+00:00","breadcrumb":{"@id":"https:\/\/fokken-team.de\/?page_id=727#breadcrumb"},"inLanguage":"de","potentialAction":[{"@type":"ReadAction","target":["https:\/\/fokken-team.de\/?page_id=727"]}]},{"@type":"BreadcrumbList","@id":"https:\/\/fokken-team.de\/?page_id=727#breadcrumb","itemListElement":[{"@type":"ListItem","position":1,"name":"Startseite","item":"https:\/\/fokken-team.de\/"},{"@type":"ListItem","position":2,"name":"Datenschutz"}]},{"@type":"WebSite","@id":"https:\/\/fokken-team.de\/#website","url":"https:\/\/fokken-team.de\/","name":"Fokken & Kollegen","description":"","publisher":{"@id":"https:\/\/fokken-team.de\/#organization"},"potentialAction":[{"@type":"SearchAction","target":{"@type":"EntryPoint","urlTemplate":"https:\/\/fokken-team.de\/?s={search_term_string}"},"query-input":{"@type":"PropertyValueSpecification","valueRequired":true,"valueName":"search_term_string"}}],"inLanguage":"de"},{"@type":"Organization","@id":"https:\/\/fokken-team.de\/#organization","name":"Fokken & Kollegen","url":"https:\/\/fokken-team.de\/","logo":{"@type":"ImageObject","inLanguage":"de","@id":"https:\/\/fokken-team.de\/#\/schema\/logo\/image\/","url":"https:\/\/fokken-team.de\/wp-content\/uploads\/2020\/03\/cropped-cropped-entwuerfe_fokken-kollegen_logo_vorabversion-e1639586232564.png","contentUrl":"https:\/\/fokken-team.de\/wp-content\/uploads\/2020\/03\/cropped-cropped-entwuerfe_fokken-kollegen_logo_vorabversion-e1639586232564.png","width":350,"height":192,"caption":"Fokken & Kollegen"},"image":{"@id":"https:\/\/fokken-team.de\/#\/schema\/logo\/image\/"}}]}},"_links":{"self":[{"href":"https:\/\/fokken-team.de\/index.php?rest_route=\/wp\/v2\/pages\/727","targetHints":{"allow":["GET"]}}],"collection":[{"href":"https:\/\/fokken-team.de\/index.php?rest_route=\/wp\/v2\/pages"}],"about":[{"href":"https:\/\/fokken-team.de\/index.php?rest_route=\/wp\/v2\/types\/page"}],"author":[{"embeddable":true,"href":"https:\/\/fokken-team.de\/index.php?rest_route=\/wp\/v2\/users\/1"}],"replies":[{"embeddable":true,"href":"https:\/\/fokken-team.de\/index.php?rest_route=%2Fwp%2Fv2%2Fcomments&post=727"}],"version-history":[{"count":19,"href":"https:\/\/fokken-team.de\/index.php?rest_route=\/wp\/v2\/pages\/727\/revisions"}],"predecessor-version":[{"id":2332,"href":"https:\/\/fokken-team.de\/index.php?rest_route=\/wp\/v2\/pages\/727\/revisions\/2332"}],"wp:attachment":[{"href":"https:\/\/fokken-team.de\/index.php?rest_route=%2Fwp%2Fv2%2Fmedia&parent=727"}],"curies":[{"name":"wp","href":"https:\/\/api.w.org\/{rel}","templated":true}]}}