{"id":725,"date":"2021-12-17T15:34:22","date_gmt":"2021-12-17T15:34:22","guid":{"rendered":"https:\/\/fokken-team.de\/?page_id=725"},"modified":"2025-04-08T23:14:09","modified_gmt":"2025-04-08T23:14:09","slug":"impressum","status":"publish","type":"page","link":"https:\/\/fokken-team.de\/?page_id=725","title":{"rendered":"Impressum"},"content":{"rendered":"\t\t<div data-elementor-type=\"wp-page\" data-elementor-id=\"725\" class=\"elementor elementor-725\">\n\t\t\t\t\t\t<section class=\"elementor-section elementor-top-section elementor-element elementor-element-2bf5ffb8 elementor-section-boxed elementor-section-height-default elementor-section-height-default\" data-id=\"2bf5ffb8\" data-element_type=\"section\">\n\t\t\t\t\t\t<div class=\"elementor-container elementor-column-gap-default\">\n\t\t\t\t\t<div class=\"elementor-column elementor-col-100 elementor-top-column elementor-element elementor-element-51c83b0f\" data-id=\"51c83b0f\" data-element_type=\"column\">\n\t\t\t<div class=\"elementor-widget-wrap elementor-element-populated\">\n\t\t\t\t\t\t<div class=\"elementor-element elementor-element-462d56c8 elementor-widget elementor-widget-menu-anchor\" data-id=\"462d56c8\" data-element_type=\"widget\" data-widget_type=\"menu-anchor.default\">\n\t\t\t\t<div class=\"elementor-widget-container\">\n\t\t\t\t\t\t\t<div class=\"elementor-menu-anchor\" id=\"Unsere-Preise\"><\/div>\n\t\t\t\t\t\t<\/div>\n\t\t\t\t<\/div>\n\t\t\t\t\t<\/div>\n\t\t<\/div>\n\t\t\t\t\t<\/div>\n\t\t<\/section>\n\t\t\t\t<section class=\"elementor-section elementor-top-section elementor-element elementor-element-3b92677d elementor-section-boxed elementor-section-height-default elementor-section-height-default\" data-id=\"3b92677d\" data-element_type=\"section\">\n\t\t\t\t\t\t<div class=\"elementor-container elementor-column-gap-default\">\n\t\t\t\t\t<div class=\"elementor-column elementor-col-33 elementor-top-column elementor-element elementor-element-32a6f16e\" data-id=\"32a6f16e\" data-element_type=\"column\">\n\t\t\t<div class=\"elementor-widget-wrap\">\n\t\t\t\t\t\t\t<\/div>\n\t\t<\/div>\n\t\t\t\t<div class=\"elementor-column elementor-col-66 elementor-top-column elementor-element elementor-element-7b41b099\" data-id=\"7b41b099\" data-element_type=\"column\" data-settings=\"{&quot;background_background&quot;:&quot;classic&quot;}\">\n\t\t\t<div class=\"elementor-widget-wrap elementor-element-populated\">\n\t\t\t\t\t\t<div class=\"elementor-element elementor-element-6736e6a7 elementor-widget elementor-widget-heading\" data-id=\"6736e6a7\" data-element_type=\"widget\" data-widget_type=\"heading.default\">\n\t\t\t\t<div class=\"elementor-widget-container\">\n\t\t\t\t\t<h2 class=\"elementor-heading-title elementor-size-default\">Impressum<\/h2>\t\t\t\t<\/div>\n\t\t\t\t<\/div>\n\t\t\t\t<div class=\"elementor-element elementor-element-838c89a elementor-widget elementor-widget-text-editor\" data-id=\"838c89a\" data-element_type=\"widget\" data-widget_type=\"text-editor.default\">\n\t\t\t\t<div class=\"elementor-widget-container\">\n\t\t\t\t\t\t\t\t\t<h4><span style=\"color: #ffffff;\"><strong>Angaben gem. \u00a7 5 TMG:<\/strong><\/span><\/h4>\n<h4>&nbsp;<\/h4>\n<h5><span style=\"color: #ffffff;\">HDI Generalvertretung Heike Fokken<\/span><\/h5>\n<p><span style=\"color: #ffffff;\">Mittenwalder Strasse 17b<\/span><br><span style=\"color: #ffffff;\">82467 Garmisch-Partenkirchen<\/span><\/p>\n<h4>&nbsp;<\/h4>\n<h4 class=\"nitro-offscreen\"><span style=\"color: #ffffff;\"><strong>Kontaktaufnahme:<\/strong><\/span><\/h4>\n<p><span style=\"color: #ffffff;\">Telefon: <a style=\"color: #ffffff;\" href=\"http:\/\/tel:084193894560\">0841 \u2013 93 89 45 60<\/a><\/span><\/p>\n<p><span style=\"color: #ffffff;\">Mail: <a style=\"color: #ffffff;\" href=\"mailto:info-fokken-kollegen@hdi.de\">info<\/a>@fokken-team.de<\/span><\/p>\n<h4>&nbsp;<\/h4>\n<h4 class=\"nitro-offscreen\"><span style=\"color: #ffffff;\"><strong>Haftungsausschluss \u2013 Disclaimer:<\/strong><\/span><\/h4>\n<h5>&nbsp;<\/h5>\n<h5 class=\"nitro-offscreen\"><span style=\"color: #ffffff;\"><strong>Haftung f\u00fcr Inhalte<\/strong><\/span><\/h5>\n<p class=\"nitro-offscreen\"><span style=\"color: #ffffff;\">Alle Inhalte unseres Internetauftritts wurden mit gr\u00f6\u00dfter Sorgfalt und nach bestem Gewissen erstellt. F\u00fcr die Richtigkeit, Vollst\u00e4ndigkeit und Aktualit\u00e4t der Inhalte k\u00f6nnen wir jedoch keine Gew\u00e4hr \u00fcbernehmen. Als Diensteanbieter sind wir gem\u00e4\u00df \u00a7 7 Abs.1 TMG f\u00fcr eigene Inhalte auf diesen Seiten nach den allgemeinen Gesetzen verantwortlich. Nach \u00a7\u00a7 8 bis 10 TMG sind wir als Diensteanbieter jedoch nicht verpflichtet, \u00fcbermittelte oder gespeicherte fremde Informationen zu \u00fcberwachen oder nach Umst\u00e4nden zu forschen, die auf eine rechtswidrige T\u00e4tigkeit hinweisen. Verpflichtungen zur Entfernung oder Sperrung der Nutzung von Informationen nach den allgemeinen Gesetzen bleiben hiervon unber\u00fchrt.<\/span><\/p>\n<p class=\"nitro-offscreen\"><span style=\"color: #ffffff;\">Eine diesbez\u00fcgliche Haftung ist jedoch erst ab dem Zeitpunkt der Kenntniserlangung einer konkreten Rechtsverletzung m\u00f6glich. Bei Bekanntwerden von den o.g. Rechtsverletzungen werden wir diese Inhalte unverz\u00fcglich entfernen.<\/span><\/p>\n<h5>&nbsp;<\/h5>\n<h5 class=\"nitro-offscreen\"><span style=\"color: #ffffff;\"><b>Haftungsbeschr\u00e4nkung f\u00fcr externe Links<\/b><\/span><\/h5>\n<p class=\"nitro-offscreen\"><span style=\"color: #ffffff;\">Unsere Webseite enth\u00e4lt Links auf externe Webseiten Dritter. Auf die Inhalte dieser direkt oder indirekt verlinkten Webseiten haben wir keinen Einfluss. Daher k\u00f6nnen wir f\u00fcr die \u201eexternen Links\u201c auch keine Gew\u00e4hr auf Richtigkeit der Inhalte \u00fcbernehmen. F\u00fcr die Inhalte der externen Links sind die jeweilige Anbieter oder Betreiber (Urheber) der Seiten verantwortlich.<\/span><\/p>\n<p class=\"nitro-offscreen\"><span style=\"color: #ffffff;\">Die externen Links wurden zum Zeitpunkt der Linksetzung auf eventuelle Rechtsverst\u00f6\u00dfe \u00fcberpr\u00fcft und waren im Zeitpunkt der Linksetzung frei von rechtswidrigen Inhalten. Eine st\u00e4ndige inhaltliche \u00dcberpr\u00fcfung der externen Links ist ohne konkrete Anhaltspunkte einer Rechtsverletzung nicht m\u00f6glich. Bei direkten oder indirekten Verlinkungen auf die Webseiten Dritter, die au\u00dferhalb unseres Verantwortungsbereichs liegen, w\u00fcrde eine Haftungsverpflichtung ausschlie\u00dflich in dem Fall nur bestehen, wenn wir von den Inhalten Kenntnis erlangen und es uns technisch m\u00f6glich und zumutbar w\u00e4re, die Nutzung im Falle rechtswidriger Inhalte zu verhindern.<\/span><\/p>\n<p class=\"nitro-offscreen\"><span style=\"color: #ffffff;\">Diese Haftungsausschlusserkl\u00e4rung gilt auch innerhalb des eigenen Internetauftrittes \u201e<em>Name Ihrer Domain<\/em>\u201c gesetzten Links und Verweise von Fragestellern, Blogeintr\u00e4gern, G\u00e4sten des Diskussionsforums. F\u00fcr illegale, fehlerhafte oder unvollst\u00e4ndige Inhalte und insbesondere f\u00fcr Sch\u00e4den, die aus der Nutzung oder Nichtnutzung solcherart dargestellten Informationen entstehen, haftet allein der Diensteanbieter der Seite, auf welche verwiesen wurde, nicht derjenige, der \u00fcber Links auf die jeweilige Ver\u00f6ffentlichung lediglich verweist.<\/span><\/p>\n<p class=\"nitro-offscreen\"><span style=\"color: #ffffff;\">Werden uns Rechtsverletzungen bekannt, werden die externen Links durch uns unverz\u00fcglich entfernt.<\/span><\/p>\n<h5>&nbsp;<\/h5>\n<h5 class=\"nitro-offscreen\"><span style=\"color: #ffffff;\"><b>Urheberrecht<\/b><\/span><\/h5>\n<p class=\"nitro-offscreen\"><span style=\"color: #ffffff;\">Die auf unserer Webseite ver\u00f6ffentlichen Inhalte und Werke unterliegen dem deutschen Urheberrecht (<a style=\"color: #ffffff;\" href=\"http:\/\/www.gesetze-im-internet.de\/bundesrecht\/urhg\/gesamt.pdf\" target=\"_blank\" rel=\"noopener noreferrer\" data-extlink=\"\">http:\/\/www.gesetze-im-internet.de\/bundesrecht\/urhg\/gesamt.pdf<\/a>) . Die Vervielf\u00e4ltigung, Bearbeitung, Verbreitung und jede Art der Verwertung des geistigen Eigentums in ideeller und materieller Sicht des Urhebers au\u00dferhalb der Grenzen des Urheberrechtes bed\u00fcrfen der vorherigen schriftlichen Zustimmung des jeweiligen Urhebers i.S.d. Urhebergesetzes (<a style=\"color: #ffffff;\" href=\"http:\/\/www.gesetze-im-internet.de\/bundesrecht\/urhg\/gesamt.pdf\" target=\"_blank\" rel=\"noopener noreferrer\" data-extlink=\"\">http:\/\/www.gesetze-im-internet.de\/bundesrecht\/urhg\/gesamt.pdf<\/a>&nbsp;). Downloads und Kopien dieser Seite sind nur f\u00fcr den privaten und nicht kommerziellen Gebrauch erlaubt. Sind die Inhalte auf unserer Webseite nicht von uns erstellt wurden, sind die Urheberrechte Dritter zu beachten. Die Inhalte Dritter werden als solche kenntlich gemacht. Sollten Sie trotzdem auf eine Urheberrechtsverletzung aufmerksam werden, bitten wir um einen entsprechenden Hinweis. Bei Bekanntwerden von Rechtsverletzungen werden wir derartige Inhalte unverz\u00fcglich entfernen.<\/span><\/p>\t\t\t\t\t\t\t\t<\/div>\n\t\t\t\t<\/div>\n\t\t\t\t\t<\/div>\n\t\t<\/div>\n\t\t\t\t\t<\/div>\n\t\t<\/section>\n\t\t\t\t<\/div>\n\t\t","protected":false},"excerpt":{"rendered":"<p>Impressum Angaben gem. \u00a7 5 TMG: &nbsp; HDI Generalvertretung Heike Fokken Mittenwalder Strasse 17b82467 Garmisch-Partenkirchen &nbsp; Kontaktaufnahme: Telefon: 0841 \u2013 93 89 45 60 Mail: info@fokken-team.de &nbsp; Haftungsausschluss \u2013 Disclaimer: &nbsp; Haftung f\u00fcr Inhalte Alle Inhalte unseres Internetauftritts wurden mit gr\u00f6\u00dfter Sorgfalt und nach bestem Gewissen erstellt. F\u00fcr die Richtigkeit, Vollst\u00e4ndigkeit und Aktualit\u00e4t der Inhalte [&#8230;]\n","protected":false},"author":1,"featured_media":0,"parent":0,"menu_order":0,"comment_status":"closed","ping_status":"closed","template":"","meta":{"footnotes":""},"class_list":["post-725","page","type-page","status-publish","hentry"],"yoast_head":"<!-- This site is optimized with the Yoast SEO plugin v24.8.1 - https:\/\/yoast.com\/wordpress\/plugins\/seo\/ -->\n<title>Impressum - Fokken &amp; Team<\/title>\n<meta name=\"robots\" content=\"index, follow, max-snippet:-1, max-image-preview:large, max-video-preview:-1\" \/>\n<link rel=\"canonical\" href=\"https:\/\/fokken-team.de\/?page_id=725\" \/>\n<meta property=\"og:locale\" content=\"de_DE\" \/>\n<meta property=\"og:type\" content=\"article\" \/>\n<meta property=\"og:title\" content=\"Impressum - Fokken &amp; Team\" \/>\n<meta property=\"og:description\" content=\"Impressum Angaben gem. \u00a7 5 TMG: &nbsp; HDI Generalvertretung Heike Fokken Mittenwalder Strasse 17b82467 Garmisch-Partenkirchen &nbsp; Kontaktaufnahme: Telefon: 0841 \u2013 93 89 45 60 Mail: info@fokken-team.de &nbsp; Haftungsausschluss \u2013 Disclaimer: &nbsp; Haftung f\u00fcr Inhalte Alle Inhalte unseres Internetauftritts wurden mit gr\u00f6\u00dfter Sorgfalt und nach bestem Gewissen erstellt. F\u00fcr die Richtigkeit, Vollst\u00e4ndigkeit und Aktualit\u00e4t der Inhalte [...]\" \/>\n<meta property=\"og:url\" content=\"https:\/\/fokken-team.de\/?page_id=725\" \/>\n<meta property=\"og:site_name\" content=\"Fokken &amp; Team\" \/>\n<meta property=\"article:modified_time\" content=\"2025-04-08T23:14:09+00:00\" \/>\n<meta name=\"twitter:card\" content=\"summary_large_image\" \/>\n<meta name=\"twitter:label1\" content=\"Gesch\u00e4tzte Lesezeit\" \/>\n\t<meta name=\"twitter:data1\" content=\"3\u00a0Minuten\" \/>\n<script type=\"application\/ld+json\" class=\"yoast-schema-graph\">{\"@context\":\"https:\/\/schema.org\",\"@graph\":[{\"@type\":\"WebPage\",\"@id\":\"https:\/\/fokken-team.de\/?page_id=725\",\"url\":\"https:\/\/fokken-team.de\/?page_id=725\",\"name\":\"Impressum - Fokken &amp; Team\",\"isPartOf\":{\"@id\":\"https:\/\/fokken-team.de\/#website\"},\"datePublished\":\"2021-12-17T15:34:22+00:00\",\"dateModified\":\"2025-04-08T23:14:09+00:00\",\"breadcrumb\":{\"@id\":\"https:\/\/fokken-team.de\/?page_id=725#breadcrumb\"},\"inLanguage\":\"de\",\"potentialAction\":[{\"@type\":\"ReadAction\",\"target\":[\"https:\/\/fokken-team.de\/?page_id=725\"]}]},{\"@type\":\"BreadcrumbList\",\"@id\":\"https:\/\/fokken-team.de\/?page_id=725#breadcrumb\",\"itemListElement\":[{\"@type\":\"ListItem\",\"position\":1,\"name\":\"Startseite\",\"item\":\"https:\/\/fokken-team.de\/\"},{\"@type\":\"ListItem\",\"position\":2,\"name\":\"Impressum\"}]},{\"@type\":\"WebSite\",\"@id\":\"https:\/\/fokken-team.de\/#website\",\"url\":\"https:\/\/fokken-team.de\/\",\"name\":\"Fokken & Kollegen\",\"description\":\"\",\"publisher\":{\"@id\":\"https:\/\/fokken-team.de\/#organization\"},\"potentialAction\":[{\"@type\":\"SearchAction\",\"target\":{\"@type\":\"EntryPoint\",\"urlTemplate\":\"https:\/\/fokken-team.de\/?s={search_term_string}\"},\"query-input\":{\"@type\":\"PropertyValueSpecification\",\"valueRequired\":true,\"valueName\":\"search_term_string\"}}],\"inLanguage\":\"de\"},{\"@type\":\"Organization\",\"@id\":\"https:\/\/fokken-team.de\/#organization\",\"name\":\"Fokken & Kollegen\",\"url\":\"https:\/\/fokken-team.de\/\",\"logo\":{\"@type\":\"ImageObject\",\"inLanguage\":\"de\",\"@id\":\"https:\/\/fokken-team.de\/#\/schema\/logo\/image\/\",\"url\":\"https:\/\/fokken-team.de\/wp-content\/uploads\/2020\/03\/cropped-cropped-entwuerfe_fokken-kollegen_logo_vorabversion-e1639586232564.png\",\"contentUrl\":\"https:\/\/fokken-team.de\/wp-content\/uploads\/2020\/03\/cropped-cropped-entwuerfe_fokken-kollegen_logo_vorabversion-e1639586232564.png\",\"width\":350,\"height\":192,\"caption\":\"Fokken & Kollegen\"},\"image\":{\"@id\":\"https:\/\/fokken-team.de\/#\/schema\/logo\/image\/\"}}]}<\/script>\n<!-- \/ Yoast SEO plugin. -->","yoast_head_json":{"title":"Impressum - Fokken &amp; Team","robots":{"index":"index","follow":"follow","max-snippet":"max-snippet:-1","max-image-preview":"max-image-preview:large","max-video-preview":"max-video-preview:-1"},"canonical":"https:\/\/fokken-team.de\/?page_id=725","og_locale":"de_DE","og_type":"article","og_title":"Impressum - Fokken &amp; Team","og_description":"Impressum Angaben gem. \u00a7 5 TMG: &nbsp; HDI Generalvertretung Heike Fokken Mittenwalder Strasse 17b82467 Garmisch-Partenkirchen &nbsp; Kontaktaufnahme: Telefon: 0841 \u2013 93 89 45 60 Mail: info@fokken-team.de &nbsp; Haftungsausschluss \u2013 Disclaimer: &nbsp; Haftung f\u00fcr Inhalte Alle Inhalte unseres Internetauftritts wurden mit gr\u00f6\u00dfter Sorgfalt und nach bestem Gewissen erstellt. F\u00fcr die Richtigkeit, Vollst\u00e4ndigkeit und Aktualit\u00e4t der Inhalte [...]","og_url":"https:\/\/fokken-team.de\/?page_id=725","og_site_name":"Fokken &amp; Team","article_modified_time":"2025-04-08T23:14:09+00:00","twitter_card":"summary_large_image","twitter_misc":{"Gesch\u00e4tzte Lesezeit":"3\u00a0Minuten"},"schema":{"@context":"https:\/\/schema.org","@graph":[{"@type":"WebPage","@id":"https:\/\/fokken-team.de\/?page_id=725","url":"https:\/\/fokken-team.de\/?page_id=725","name":"Impressum - Fokken &amp; Team","isPartOf":{"@id":"https:\/\/fokken-team.de\/#website"},"datePublished":"2021-12-17T15:34:22+00:00","dateModified":"2025-04-08T23:14:09+00:00","breadcrumb":{"@id":"https:\/\/fokken-team.de\/?page_id=725#breadcrumb"},"inLanguage":"de","potentialAction":[{"@type":"ReadAction","target":["https:\/\/fokken-team.de\/?page_id=725"]}]},{"@type":"BreadcrumbList","@id":"https:\/\/fokken-team.de\/?page_id=725#breadcrumb","itemListElement":[{"@type":"ListItem","position":1,"name":"Startseite","item":"https:\/\/fokken-team.de\/"},{"@type":"ListItem","position":2,"name":"Impressum"}]},{"@type":"WebSite","@id":"https:\/\/fokken-team.de\/#website","url":"https:\/\/fokken-team.de\/","name":"Fokken & Kollegen","description":"","publisher":{"@id":"https:\/\/fokken-team.de\/#organization"},"potentialAction":[{"@type":"SearchAction","target":{"@type":"EntryPoint","urlTemplate":"https:\/\/fokken-team.de\/?s={search_term_string}"},"query-input":{"@type":"PropertyValueSpecification","valueRequired":true,"valueName":"search_term_string"}}],"inLanguage":"de"},{"@type":"Organization","@id":"https:\/\/fokken-team.de\/#organization","name":"Fokken & Kollegen","url":"https:\/\/fokken-team.de\/","logo":{"@type":"ImageObject","inLanguage":"de","@id":"https:\/\/fokken-team.de\/#\/schema\/logo\/image\/","url":"https:\/\/fokken-team.de\/wp-content\/uploads\/2020\/03\/cropped-cropped-entwuerfe_fokken-kollegen_logo_vorabversion-e1639586232564.png","contentUrl":"https:\/\/fokken-team.de\/wp-content\/uploads\/2020\/03\/cropped-cropped-entwuerfe_fokken-kollegen_logo_vorabversion-e1639586232564.png","width":350,"height":192,"caption":"Fokken & Kollegen"},"image":{"@id":"https:\/\/fokken-team.de\/#\/schema\/logo\/image\/"}}]}},"_links":{"self":[{"href":"https:\/\/fokken-team.de\/index.php?rest_route=\/wp\/v2\/pages\/725","targetHints":{"allow":["GET"]}}],"collection":[{"href":"https:\/\/fokken-team.de\/index.php?rest_route=\/wp\/v2\/pages"}],"about":[{"href":"https:\/\/fokken-team.de\/index.php?rest_route=\/wp\/v2\/types\/page"}],"author":[{"embeddable":true,"href":"https:\/\/fokken-team.de\/index.php?rest_route=\/wp\/v2\/users\/1"}],"replies":[{"embeddable":true,"href":"https:\/\/fokken-team.de\/index.php?rest_route=%2Fwp%2Fv2%2Fcomments&post=725"}],"version-history":[{"count":16,"href":"https:\/\/fokken-team.de\/index.php?rest_route=\/wp\/v2\/pages\/725\/revisions"}],"predecessor-version":[{"id":2329,"href":"https:\/\/fokken-team.de\/index.php?rest_route=\/wp\/v2\/pages\/725\/revisions\/2329"}],"wp:attachment":[{"href":"https:\/\/fokken-team.de\/index.php?rest_route=%2Fwp%2Fv2%2Fmedia&parent=725"}],"curies":[{"name":"wp","href":"https:\/\/api.w.org\/{rel}","templated":true}]}}