{"id":655,"date":"2021-12-17T00:18:13","date_gmt":"2021-12-17T00:18:13","guid":{"rendered":"https:\/\/fokken-team.de\/?page_id=655"},"modified":"2022-09-20T13:47:06","modified_gmt":"2022-09-20T13:47:06","slug":"gi-aktuell","status":"publish","type":"page","link":"https:\/\/fokken-team.de\/?page_id=655","title":{"rendered":"GI Aktuell"},"content":{"rendered":"\t\t<div data-elementor-type=\"wp-post\" data-elementor-id=\"655\" class=\"elementor elementor-655\">\n\t\t\t\t\t\t<section class=\"elementor-section elementor-top-section elementor-element elementor-element-f44d1b7 elementor-section-full_width elementor-section-height-min-height elementor-section-stretched elementor-section-height-default elementor-section-items-middle\" data-id=\"f44d1b7\" data-element_type=\"section\" data-settings=\"{&quot;stretch_section&quot;:&quot;section-stretched&quot;,&quot;background_background&quot;:&quot;classic&quot;}\">\n\t\t\t\t\t\t\t<div class=\"elementor-background-overlay\"><\/div>\n\t\t\t\t\t\t\t<div class=\"elementor-container elementor-column-gap-default\">\n\t\t\t\t\t<div class=\"elementor-column elementor-col-100 elementor-top-column elementor-element elementor-element-355e926\" data-id=\"355e926\" data-element_type=\"column\">\n\t\t\t<div class=\"elementor-widget-wrap elementor-element-populated\">\n\t\t\t\t\t\t<div class=\"elementor-element elementor-element-50e63f7 elementor-widget elementor-widget-heading\" data-id=\"50e63f7\" data-element_type=\"widget\" data-widget_type=\"heading.default\">\n\t\t\t\t<div class=\"elementor-widget-container\">\n\t\t\t\t\t<h2 class=\"elementor-heading-title elementor-size-default\">GI Aktuell<\/h2>\t\t\t\t<\/div>\n\t\t\t\t<\/div>\n\t\t\t\t\t<\/div>\n\t\t<\/div>\n\t\t\t\t\t<\/div>\n\t\t<\/section>\n\t\t\t\t<section class=\"elementor-section elementor-top-section elementor-element elementor-element-2aa86d8b elementor-section-boxed elementor-section-height-default elementor-section-height-default\" data-id=\"2aa86d8b\" data-element_type=\"section\" data-settings=\"{&quot;background_background&quot;:&quot;classic&quot;}\">\n\t\t\t\t\t\t<div class=\"elementor-container elementor-column-gap-wider\">\n\t\t\t\t\t<div class=\"elementor-column elementor-col-50 elementor-top-column elementor-element elementor-element-333568de\" data-id=\"333568de\" data-element_type=\"column\">\n\t\t\t<div class=\"elementor-widget-wrap elementor-element-populated\">\n\t\t\t\t\t\t<div class=\"elementor-element elementor-element-35263c5 elementor-vertical-align-top elementor-widget elementor-widget-image-box\" data-id=\"35263c5\" data-element_type=\"widget\" data-widget_type=\"image-box.default\">\n\t\t\t\t<div class=\"elementor-widget-container\">\n\t\t\t\t\t<div class=\"elementor-image-box-wrapper\"><div class=\"elementor-image-box-content\"><h3 class=\"elementor-image-box-title\">GI Aktuell August 2022<\/h3><p class=\"elementor-image-box-description\">Das OLG Celle und das OLG K\u00f6ln befassen sich mit dem Problem des Versicherungsschutzes des Steuerberaters, der als Treuh\u00e4nder \u2013 hier als Treuhandkommanditist ohne eigene Anteile \u2013 t\u00e4tig wurde. Sie kommen zu unterschiedlichen Ergebnissen. Der BGH wird sich mit dem Urteil des OLG K\u00f6ln, das die Eintrittspflicht des Versicherers ablehnte, befassen.<\/p><\/div><\/div>\t\t\t\t<\/div>\n\t\t\t\t<\/div>\n\t\t\t\t<section class=\"elementor-section elementor-inner-section elementor-element elementor-element-121c6f5 elementor-section-boxed elementor-section-height-default elementor-section-height-default\" data-id=\"121c6f5\" data-element_type=\"section\">\n\t\t\t\t\t\t<div class=\"elementor-container elementor-column-gap-default\">\n\t\t\t\t\t<div class=\"elementor-column elementor-col-100 elementor-inner-column elementor-element elementor-element-357b10b\" data-id=\"357b10b\" data-element_type=\"column\">\n\t\t\t<div class=\"elementor-widget-wrap elementor-element-populated\">\n\t\t\t\t\t\t<div class=\"elementor-element elementor-element-797a39b elementor-align-left elementor-widget elementor-widget-button\" data-id=\"797a39b\" data-element_type=\"widget\" data-widget_type=\"button.default\">\n\t\t\t\t<div class=\"elementor-widget-container\">\n\t\t\t\t\t\t\t\t\t<div class=\"elementor-button-wrapper\">\n\t\t\t\t\t<a class=\"elementor-button elementor-button-link elementor-size-sm elementor-animation-pulse-grow\" href=\"https:\/\/fokken-team.de\/Newsletter-Fokken%26Kollegen\/Gi-Aktuell\/GI_Aktuell_August_2022.pdf\" target=\"_blank\">\n\t\t\t\t\t\t<span class=\"elementor-button-content-wrapper\">\n\t\t\t\t\t\t\t\t\t<span class=\"elementor-button-text\">PDF<\/span>\n\t\t\t\t\t<\/span>\n\t\t\t\t\t<\/a>\n\t\t\t\t<\/div>\n\t\t\t\t\t\t\t\t<\/div>\n\t\t\t\t<\/div>\n\t\t\t\t\t<\/div>\n\t\t<\/div>\n\t\t\t\t\t<\/div>\n\t\t<\/section>\n\t\t\t\t\t<\/div>\n\t\t<\/div>\n\t\t\t\t<div class=\"elementor-column elementor-col-50 elementor-top-column elementor-element elementor-element-cd1ae87\" data-id=\"cd1ae87\" data-element_type=\"column\">\n\t\t\t<div class=\"elementor-widget-wrap elementor-element-populated\">\n\t\t\t\t\t\t<div class=\"elementor-element elementor-element-1308f21 elementor-vertical-align-top elementor-widget elementor-widget-image-box\" data-id=\"1308f21\" data-element_type=\"widget\" data-widget_type=\"image-box.default\">\n\t\t\t\t<div class=\"elementor-widget-container\">\n\t\t\t\t\t<div class=\"elementor-image-box-wrapper\"><div class=\"elementor-image-box-content\"><h3 class=\"elementor-image-box-title\">GI Aktuell Juni 2022<\/h3><p class=\"elementor-image-box-description\">Das OLG Stuttgart sieht die Frage, ob ein Insolvenzverwalter befugt ist, einen Insolvenzvertiefungsschaden im Rahmen eines Haftungsanspruchs gegen einen Wirtschaftspr\u00fcfer geltend zu machen, als eine grunds\u00e4tzliche, zur Zulassung einer Revision berechtigende Rechtsfrage an: Von der Literatur w\u00fcrden beachtliche Argumente gegen die gegenteilige Ansicht des IX. Senats des BGH vorgebracht.<\/p><\/div><\/div>\t\t\t\t<\/div>\n\t\t\t\t<\/div>\n\t\t\t\t<section class=\"elementor-section elementor-inner-section elementor-element elementor-element-8616b3a elementor-section-boxed elementor-section-height-default elementor-section-height-default\" data-id=\"8616b3a\" data-element_type=\"section\">\n\t\t\t\t\t\t<div class=\"elementor-container elementor-column-gap-default\">\n\t\t\t\t\t<div class=\"elementor-column elementor-col-100 elementor-inner-column elementor-element elementor-element-3d04046\" data-id=\"3d04046\" data-element_type=\"column\">\n\t\t\t<div class=\"elementor-widget-wrap elementor-element-populated\">\n\t\t\t\t\t\t<div class=\"elementor-element elementor-element-44dc4e3 elementor-align-left elementor-widget elementor-widget-button\" data-id=\"44dc4e3\" data-element_type=\"widget\" data-widget_type=\"button.default\">\n\t\t\t\t<div class=\"elementor-widget-container\">\n\t\t\t\t\t\t\t\t\t<div class=\"elementor-button-wrapper\">\n\t\t\t\t\t<a class=\"elementor-button elementor-button-link elementor-size-sm elementor-animation-pulse-grow\" href=\"https:\/\/fokken-team.de\/Newsletter-Fokken%26Kollegen\/Gi-Aktuell\/GI_Aktuell_Juni_2022.pdf\" target=\"_blank\">\n\t\t\t\t\t\t<span class=\"elementor-button-content-wrapper\">\n\t\t\t\t\t\t\t\t\t<span class=\"elementor-button-text\">PDF<\/span>\n\t\t\t\t\t<\/span>\n\t\t\t\t\t<\/a>\n\t\t\t\t<\/div>\n\t\t\t\t\t\t\t\t<\/div>\n\t\t\t\t<\/div>\n\t\t\t\t\t<\/div>\n\t\t<\/div>\n\t\t\t\t\t<\/div>\n\t\t<\/section>\n\t\t\t\t\t<\/div>\n\t\t<\/div>\n\t\t\t\t\t<\/div>\n\t\t<\/section>\n\t\t\t\t<section class=\"elementor-section elementor-top-section elementor-element elementor-element-72f8bd1 elementor-section-boxed elementor-section-height-default elementor-section-height-default\" data-id=\"72f8bd1\" data-element_type=\"section\" data-settings=\"{&quot;background_background&quot;:&quot;classic&quot;}\">\n\t\t\t\t\t\t<div class=\"elementor-container elementor-column-gap-wider\">\n\t\t\t\t\t<div class=\"elementor-column elementor-col-50 elementor-top-column elementor-element elementor-element-133dcaa\" data-id=\"133dcaa\" data-element_type=\"column\">\n\t\t\t<div class=\"elementor-widget-wrap elementor-element-populated\">\n\t\t\t\t\t\t<div class=\"elementor-element elementor-element-b527422 elementor-vertical-align-top elementor-widget elementor-widget-image-box\" data-id=\"b527422\" data-element_type=\"widget\" data-widget_type=\"image-box.default\">\n\t\t\t\t<div class=\"elementor-widget-container\">\n\t\t\t\t\t<div class=\"elementor-image-box-wrapper\"><div class=\"elementor-image-box-content\"><h3 class=\"elementor-image-box-title\">GI Aktuell April 2022<\/h3><p class=\"elementor-image-box-description\">Das OLG Stuttgart sieht die Frage, ob ein Insolvenzverwalter befugt ist, einen Insolvenzvertiefungsschaden im Rahmen eines Haftungsanspruchs gegen einen Wirtschaftspr\u00fcfer geltend zu machen, als eine grunds\u00e4tzliche, zur Zulassung einer Revision berechtigende Rechtsfrage an: Von der Literatur w\u00fcrden beachtliche Argumente gegen die gegenteilige Ansicht des IX. Senats des BGH vorgebracht.<\/p><\/div><\/div>\t\t\t\t<\/div>\n\t\t\t\t<\/div>\n\t\t\t\t<section class=\"elementor-section elementor-inner-section elementor-element elementor-element-0a064bd elementor-section-boxed elementor-section-height-default elementor-section-height-default\" data-id=\"0a064bd\" data-element_type=\"section\">\n\t\t\t\t\t\t<div class=\"elementor-container elementor-column-gap-default\">\n\t\t\t\t\t<div class=\"elementor-column elementor-col-100 elementor-inner-column elementor-element elementor-element-cbca9ab\" data-id=\"cbca9ab\" data-element_type=\"column\">\n\t\t\t<div class=\"elementor-widget-wrap elementor-element-populated\">\n\t\t\t\t\t\t<div class=\"elementor-element elementor-element-1e92519 elementor-align-left elementor-widget elementor-widget-button\" data-id=\"1e92519\" data-element_type=\"widget\" data-widget_type=\"button.default\">\n\t\t\t\t<div class=\"elementor-widget-container\">\n\t\t\t\t\t\t\t\t\t<div class=\"elementor-button-wrapper\">\n\t\t\t\t\t<a class=\"elementor-button elementor-button-link elementor-size-sm elementor-animation-pulse-grow\" href=\"https:\/\/fokken-team.de\/Newsletter-Fokken%26Kollegen\/Gi-Aktuell\/GI_Aktuell_April_2022.pdf\" target=\"_blank\">\n\t\t\t\t\t\t<span class=\"elementor-button-content-wrapper\">\n\t\t\t\t\t\t\t\t\t<span class=\"elementor-button-text\">PDF<\/span>\n\t\t\t\t\t<\/span>\n\t\t\t\t\t<\/a>\n\t\t\t\t<\/div>\n\t\t\t\t\t\t\t\t<\/div>\n\t\t\t\t<\/div>\n\t\t\t\t\t<\/div>\n\t\t<\/div>\n\t\t\t\t\t<\/div>\n\t\t<\/section>\n\t\t\t\t\t<\/div>\n\t\t<\/div>\n\t\t\t\t<div class=\"elementor-column elementor-col-50 elementor-top-column elementor-element elementor-element-c1a4759\" data-id=\"c1a4759\" data-element_type=\"column\">\n\t\t\t<div class=\"elementor-widget-wrap elementor-element-populated\">\n\t\t\t\t\t\t<div class=\"elementor-element elementor-element-d6ea27a elementor-vertical-align-top elementor-widget elementor-widget-image-box\" data-id=\"d6ea27a\" data-element_type=\"widget\" data-widget_type=\"image-box.default\">\n\t\t\t\t<div class=\"elementor-widget-container\">\n\t\t\t\t\t<div class=\"elementor-image-box-wrapper\"><div class=\"elementor-image-box-content\"><h3 class=\"elementor-image-box-title\">GI Aktuell Februar 2022<\/h3><p class=\"elementor-image-box-description\">Das OLG Celle und das OLG K\u00f6ln befassen sich mit dem Problem des Versicherungsschutzes des Steuerberaters, der als Treuh\u00e4nder \u2013 hier als Treuhandkommanditist ohne eigene Anteile \u2013 t\u00e4tig wurde. Sie kommen zu unterschiedlichen Ergebnissen. Der BGH wird sich mit dem Urteil des OLG K\u00f6ln, das die Eintrittspflicht des Versicherers ablehnte, befassen.<\/p><\/div><\/div>\t\t\t\t<\/div>\n\t\t\t\t<\/div>\n\t\t\t\t<section class=\"elementor-section elementor-inner-section elementor-element elementor-element-165d0e1 elementor-section-boxed elementor-section-height-default elementor-section-height-default\" data-id=\"165d0e1\" data-element_type=\"section\">\n\t\t\t\t\t\t<div class=\"elementor-container elementor-column-gap-default\">\n\t\t\t\t\t<div class=\"elementor-column elementor-col-100 elementor-inner-column elementor-element elementor-element-77ab12c\" data-id=\"77ab12c\" data-element_type=\"column\">\n\t\t\t<div class=\"elementor-widget-wrap elementor-element-populated\">\n\t\t\t\t\t\t<div class=\"elementor-element elementor-element-e995816 elementor-align-left elementor-widget elementor-widget-button\" data-id=\"e995816\" data-element_type=\"widget\" data-widget_type=\"button.default\">\n\t\t\t\t<div class=\"elementor-widget-container\">\n\t\t\t\t\t\t\t\t\t<div class=\"elementor-button-wrapper\">\n\t\t\t\t\t<a class=\"elementor-button elementor-button-link elementor-size-sm elementor-animation-pulse-grow\" href=\"https:\/\/fokken-team.de\/Newsletter-Fokken%26Kollegen\/Gi-Aktuell\/GI-Aktuell_Februar_2022.pdf\" target=\"_blank\">\n\t\t\t\t\t\t<span class=\"elementor-button-content-wrapper\">\n\t\t\t\t\t\t\t\t\t<span class=\"elementor-button-text\">PDF<\/span>\n\t\t\t\t\t<\/span>\n\t\t\t\t\t<\/a>\n\t\t\t\t<\/div>\n\t\t\t\t\t\t\t\t<\/div>\n\t\t\t\t<\/div>\n\t\t\t\t\t<\/div>\n\t\t<\/div>\n\t\t\t\t\t<\/div>\n\t\t<\/section>\n\t\t\t\t\t<\/div>\n\t\t<\/div>\n\t\t\t\t\t<\/div>\n\t\t<\/section>\n\t\t\t\t<\/div>\n\t\t","protected":false},"excerpt":{"rendered":"<p>GI Aktuell GI Aktuell August 2022 Das OLG Celle und das OLG K\u00f6ln befassen sich mit dem Problem des Versicherungsschutzes des Steuerberaters, der als Treuh\u00e4nder \u2013 hier als Treuhandkommanditist ohne eigene Anteile \u2013 t\u00e4tig wurde. Sie kommen zu unterschiedlichen Ergebnissen. Der BGH wird sich mit dem Urteil des OLG K\u00f6ln, das die Eintrittspflicht des Versicherers [&#8230;]\n","protected":false},"author":1,"featured_media":0,"parent":98,"menu_order":0,"comment_status":"closed","ping_status":"closed","template":"","meta":{"footnotes":""},"class_list":["post-655","page","type-page","status-publish","hentry"],"yoast_head":"<!-- This site is optimized with the Yoast SEO plugin v24.8.1 - https:\/\/yoast.com\/wordpress\/plugins\/seo\/ -->\n<title>GI Aktuell - Fokken &amp; Team<\/title>\n<meta name=\"robots\" content=\"index, follow, max-snippet:-1, max-image-preview:large, max-video-preview:-1\" \/>\n<link rel=\"canonical\" href=\"https:\/\/fokken-team.de\/?page_id=655\" \/>\n<meta property=\"og:locale\" content=\"de_DE\" \/>\n<meta property=\"og:type\" content=\"article\" \/>\n<meta property=\"og:title\" content=\"GI Aktuell - Fokken &amp; Team\" \/>\n<meta property=\"og:description\" content=\"GI Aktuell GI Aktuell August 2022 Das OLG Celle und das OLG K\u00f6ln befassen sich mit dem Problem des Versicherungsschutzes des Steuerberaters, der als Treuh\u00e4nder \u2013 hier als Treuhandkommanditist ohne eigene Anteile \u2013 t\u00e4tig wurde. Sie kommen zu unterschiedlichen Ergebnissen. Der BGH wird sich mit dem Urteil des OLG K\u00f6ln, das die Eintrittspflicht des Versicherers [...]\" \/>\n<meta property=\"og:url\" content=\"https:\/\/fokken-team.de\/?page_id=655\" \/>\n<meta property=\"og:site_name\" content=\"Fokken &amp; Team\" \/>\n<meta property=\"article:modified_time\" content=\"2022-09-20T13:47:06+00:00\" \/>\n<meta name=\"twitter:card\" content=\"summary_large_image\" \/>\n<meta name=\"twitter:label1\" content=\"Gesch\u00e4tzte Lesezeit\" \/>\n\t<meta name=\"twitter:data1\" content=\"1\u00a0Minute\" \/>\n<script type=\"application\/ld+json\" class=\"yoast-schema-graph\">{\"@context\":\"https:\/\/schema.org\",\"@graph\":[{\"@type\":\"WebPage\",\"@id\":\"https:\/\/fokken-team.de\/?page_id=655\",\"url\":\"https:\/\/fokken-team.de\/?page_id=655\",\"name\":\"GI Aktuell - Fokken &amp; Team\",\"isPartOf\":{\"@id\":\"https:\/\/fokken-team.de\/#website\"},\"datePublished\":\"2021-12-17T00:18:13+00:00\",\"dateModified\":\"2022-09-20T13:47:06+00:00\",\"breadcrumb\":{\"@id\":\"https:\/\/fokken-team.de\/?page_id=655#breadcrumb\"},\"inLanguage\":\"de\",\"potentialAction\":[{\"@type\":\"ReadAction\",\"target\":[\"https:\/\/fokken-team.de\/?page_id=655\"]}]},{\"@type\":\"BreadcrumbList\",\"@id\":\"https:\/\/fokken-team.de\/?page_id=655#breadcrumb\",\"itemListElement\":[{\"@type\":\"ListItem\",\"position\":1,\"name\":\"Startseite\",\"item\":\"https:\/\/fokken-team.de\/\"},{\"@type\":\"ListItem\",\"position\":2,\"name\":\"Service\",\"item\":\"https:\/\/fokken-team.de\/?page_id=98\"},{\"@type\":\"ListItem\",\"position\":3,\"name\":\"GI Aktuell\"}]},{\"@type\":\"WebSite\",\"@id\":\"https:\/\/fokken-team.de\/#website\",\"url\":\"https:\/\/fokken-team.de\/\",\"name\":\"Fokken & Kollegen\",\"description\":\"\",\"publisher\":{\"@id\":\"https:\/\/fokken-team.de\/#organization\"},\"potentialAction\":[{\"@type\":\"SearchAction\",\"target\":{\"@type\":\"EntryPoint\",\"urlTemplate\":\"https:\/\/fokken-team.de\/?s={search_term_string}\"},\"query-input\":{\"@type\":\"PropertyValueSpecification\",\"valueRequired\":true,\"valueName\":\"search_term_string\"}}],\"inLanguage\":\"de\"},{\"@type\":\"Organization\",\"@id\":\"https:\/\/fokken-team.de\/#organization\",\"name\":\"Fokken & Kollegen\",\"url\":\"https:\/\/fokken-team.de\/\",\"logo\":{\"@type\":\"ImageObject\",\"inLanguage\":\"de\",\"@id\":\"https:\/\/fokken-team.de\/#\/schema\/logo\/image\/\",\"url\":\"https:\/\/fokken-team.de\/wp-content\/uploads\/2020\/03\/cropped-cropped-entwuerfe_fokken-kollegen_logo_vorabversion-e1639586232564.png\",\"contentUrl\":\"https:\/\/fokken-team.de\/wp-content\/uploads\/2020\/03\/cropped-cropped-entwuerfe_fokken-kollegen_logo_vorabversion-e1639586232564.png\",\"width\":350,\"height\":192,\"caption\":\"Fokken & Kollegen\"},\"image\":{\"@id\":\"https:\/\/fokken-team.de\/#\/schema\/logo\/image\/\"}}]}<\/script>\n<!-- \/ Yoast SEO plugin. -->","yoast_head_json":{"title":"GI Aktuell - Fokken &amp; Team","robots":{"index":"index","follow":"follow","max-snippet":"max-snippet:-1","max-image-preview":"max-image-preview:large","max-video-preview":"max-video-preview:-1"},"canonical":"https:\/\/fokken-team.de\/?page_id=655","og_locale":"de_DE","og_type":"article","og_title":"GI Aktuell - Fokken &amp; Team","og_description":"GI Aktuell GI Aktuell August 2022 Das OLG Celle und das OLG K\u00f6ln befassen sich mit dem Problem des Versicherungsschutzes des Steuerberaters, der als Treuh\u00e4nder \u2013 hier als Treuhandkommanditist ohne eigene Anteile \u2013 t\u00e4tig wurde. Sie kommen zu unterschiedlichen Ergebnissen. Der BGH wird sich mit dem Urteil des OLG K\u00f6ln, das die Eintrittspflicht des Versicherers [...]","og_url":"https:\/\/fokken-team.de\/?page_id=655","og_site_name":"Fokken &amp; Team","article_modified_time":"2022-09-20T13:47:06+00:00","twitter_card":"summary_large_image","twitter_misc":{"Gesch\u00e4tzte Lesezeit":"1\u00a0Minute"},"schema":{"@context":"https:\/\/schema.org","@graph":[{"@type":"WebPage","@id":"https:\/\/fokken-team.de\/?page_id=655","url":"https:\/\/fokken-team.de\/?page_id=655","name":"GI Aktuell - Fokken &amp; Team","isPartOf":{"@id":"https:\/\/fokken-team.de\/#website"},"datePublished":"2021-12-17T00:18:13+00:00","dateModified":"2022-09-20T13:47:06+00:00","breadcrumb":{"@id":"https:\/\/fokken-team.de\/?page_id=655#breadcrumb"},"inLanguage":"de","potentialAction":[{"@type":"ReadAction","target":["https:\/\/fokken-team.de\/?page_id=655"]}]},{"@type":"BreadcrumbList","@id":"https:\/\/fokken-team.de\/?page_id=655#breadcrumb","itemListElement":[{"@type":"ListItem","position":1,"name":"Startseite","item":"https:\/\/fokken-team.de\/"},{"@type":"ListItem","position":2,"name":"Service","item":"https:\/\/fokken-team.de\/?page_id=98"},{"@type":"ListItem","position":3,"name":"GI Aktuell"}]},{"@type":"WebSite","@id":"https:\/\/fokken-team.de\/#website","url":"https:\/\/fokken-team.de\/","name":"Fokken & Kollegen","description":"","publisher":{"@id":"https:\/\/fokken-team.de\/#organization"},"potentialAction":[{"@type":"SearchAction","target":{"@type":"EntryPoint","urlTemplate":"https:\/\/fokken-team.de\/?s={search_term_string}"},"query-input":{"@type":"PropertyValueSpecification","valueRequired":true,"valueName":"search_term_string"}}],"inLanguage":"de"},{"@type":"Organization","@id":"https:\/\/fokken-team.de\/#organization","name":"Fokken & Kollegen","url":"https:\/\/fokken-team.de\/","logo":{"@type":"ImageObject","inLanguage":"de","@id":"https:\/\/fokken-team.de\/#\/schema\/logo\/image\/","url":"https:\/\/fokken-team.de\/wp-content\/uploads\/2020\/03\/cropped-cropped-entwuerfe_fokken-kollegen_logo_vorabversion-e1639586232564.png","contentUrl":"https:\/\/fokken-team.de\/wp-content\/uploads\/2020\/03\/cropped-cropped-entwuerfe_fokken-kollegen_logo_vorabversion-e1639586232564.png","width":350,"height":192,"caption":"Fokken & Kollegen"},"image":{"@id":"https:\/\/fokken-team.de\/#\/schema\/logo\/image\/"}}]}},"_links":{"self":[{"href":"https:\/\/fokken-team.de\/index.php?rest_route=\/wp\/v2\/pages\/655","targetHints":{"allow":["GET"]}}],"collection":[{"href":"https:\/\/fokken-team.de\/index.php?rest_route=\/wp\/v2\/pages"}],"about":[{"href":"https:\/\/fokken-team.de\/index.php?rest_route=\/wp\/v2\/types\/page"}],"author":[{"embeddable":true,"href":"https:\/\/fokken-team.de\/index.php?rest_route=\/wp\/v2\/users\/1"}],"replies":[{"embeddable":true,"href":"https:\/\/fokken-team.de\/index.php?rest_route=%2Fwp%2Fv2%2Fcomments&post=655"}],"version-history":[{"count":134,"href":"https:\/\/fokken-team.de\/index.php?rest_route=\/wp\/v2\/pages\/655\/revisions"}],"predecessor-version":[{"id":2262,"href":"https:\/\/fokken-team.de\/index.php?rest_route=\/wp\/v2\/pages\/655\/revisions\/2262"}],"up":[{"embeddable":true,"href":"https:\/\/fokken-team.de\/index.php?rest_route=\/wp\/v2\/pages\/98"}],"wp:attachment":[{"href":"https:\/\/fokken-team.de\/index.php?rest_route=%2Fwp%2Fv2%2Fmedia&parent=655"}],"curies":[{"name":"wp","href":"https:\/\/api.w.org\/{rel}","templated":true}]}}