{"id":2134,"date":"2022-09-20T02:12:27","date_gmt":"2022-09-20T02:12:27","guid":{"rendered":"https:\/\/fokken-team.de\/?page_id=2134"},"modified":"2022-09-20T13:51:21","modified_gmt":"2022-09-20T13:51:21","slug":"medletter","status":"publish","type":"page","link":"https:\/\/fokken-team.de\/?page_id=2134","title":{"rendered":"Med Letter"},"content":{"rendered":"\t\t<div data-elementor-type=\"wp-post\" data-elementor-id=\"2134\" class=\"elementor elementor-2134\">\n\t\t\t\t\t\t<section class=\"elementor-section elementor-top-section elementor-element elementor-element-6fc0f78b elementor-section-full_width elementor-section-height-min-height elementor-section-stretched elementor-section-height-default elementor-section-items-middle\" data-id=\"6fc0f78b\" data-element_type=\"section\" data-settings=\"{&quot;stretch_section&quot;:&quot;section-stretched&quot;,&quot;background_background&quot;:&quot;classic&quot;}\">\n\t\t\t\t\t\t\t<div class=\"elementor-background-overlay\"><\/div>\n\t\t\t\t\t\t\t<div class=\"elementor-container elementor-column-gap-default\">\n\t\t\t\t\t<div class=\"elementor-column elementor-col-100 elementor-top-column elementor-element elementor-element-79b380a1\" data-id=\"79b380a1\" data-element_type=\"column\">\n\t\t\t<div class=\"elementor-widget-wrap elementor-element-populated\">\n\t\t\t\t\t\t<div class=\"elementor-element elementor-element-26904289 elementor-widget elementor-widget-heading\" data-id=\"26904289\" data-element_type=\"widget\" data-widget_type=\"heading.default\">\n\t\t\t\t<div class=\"elementor-widget-container\">\n\t\t\t\t\t<h2 class=\"elementor-heading-title elementor-size-default\">MED Letter<\/h2>\t\t\t\t<\/div>\n\t\t\t\t<\/div>\n\t\t\t\t\t<\/div>\n\t\t<\/div>\n\t\t\t\t\t<\/div>\n\t\t<\/section>\n\t\t\t\t<section class=\"elementor-section elementor-top-section elementor-element elementor-element-68490b09 elementor-section-boxed elementor-section-height-default elementor-section-height-default\" data-id=\"68490b09\" data-element_type=\"section\" data-settings=\"{&quot;background_background&quot;:&quot;classic&quot;}\">\n\t\t\t\t\t\t<div class=\"elementor-container elementor-column-gap-wider\">\n\t\t\t\t\t<div class=\"elementor-column elementor-col-50 elementor-top-column elementor-element elementor-element-69415b06\" data-id=\"69415b06\" data-element_type=\"column\">\n\t\t\t<div class=\"elementor-widget-wrap elementor-element-populated\">\n\t\t\t\t\t\t<div class=\"elementor-element elementor-element-7a3bb94c elementor-vertical-align-top elementor-widget elementor-widget-image-box\" data-id=\"7a3bb94c\" data-element_type=\"widget\" data-widget_type=\"image-box.default\">\n\t\t\t\t<div class=\"elementor-widget-container\">\n\t\t\t\t\t<div class=\"elementor-image-box-wrapper\"><div class=\"elementor-image-box-content\"><h3 class=\"elementor-image-box-title\">Ausgabe August 2022<\/h3><p class=\"elementor-image-box-description\">In unserer November Ausgabe 2021 haben wir bereits zum Gesundheitsversorgungsweiter<br\/>-entwicklungsgesetzt (GVWG) berichtet. Der Gesetzgeber hat mit dem GVWG die Verpflichtung zum Nachweis der Berufs-Haftpflichtversicherung eingef\u00fchrt. Was sich genau ver\u00e4ndert und wie HDI den Prozess abbildet, k\u00f6nnen Sie dem Beitrag \u201eEinf\u00fchrung einer Pflichtversicherung f\u00fcr Vertrags\u00e4rzte\u201c entnehmen...<\/p><\/div><\/div>\t\t\t\t<\/div>\n\t\t\t\t<\/div>\n\t\t\t\t<section class=\"elementor-section elementor-inner-section elementor-element elementor-element-597b2eec elementor-section-boxed elementor-section-height-default elementor-section-height-default\" data-id=\"597b2eec\" data-element_type=\"section\">\n\t\t\t\t\t\t<div class=\"elementor-container elementor-column-gap-default\">\n\t\t\t\t\t<div class=\"elementor-column elementor-col-100 elementor-inner-column elementor-element elementor-element-3e5364c\" data-id=\"3e5364c\" data-element_type=\"column\">\n\t\t\t<div class=\"elementor-widget-wrap elementor-element-populated\">\n\t\t\t\t\t\t<div class=\"elementor-element elementor-element-62440a1a elementor-align-left elementor-widget elementor-widget-button\" data-id=\"62440a1a\" data-element_type=\"widget\" data-widget_type=\"button.default\">\n\t\t\t\t<div class=\"elementor-widget-container\">\n\t\t\t\t\t\t\t\t\t<div class=\"elementor-button-wrapper\">\n\t\t\t\t\t<a class=\"elementor-button elementor-button-link elementor-size-sm elementor-animation-pulse-grow\" href=\"https:\/\/fokken-team.de\/Newsletter-Fokken%26Kollegen\/Med-Letter\/medletter-aug2022.pdf\" target=\"_blank\">\n\t\t\t\t\t\t<span class=\"elementor-button-content-wrapper\">\n\t\t\t\t\t\t\t\t\t<span class=\"elementor-button-text\">PDF<\/span>\n\t\t\t\t\t<\/span>\n\t\t\t\t\t<\/a>\n\t\t\t\t<\/div>\n\t\t\t\t\t\t\t\t<\/div>\n\t\t\t\t<\/div>\n\t\t\t\t\t<\/div>\n\t\t<\/div>\n\t\t\t\t\t<\/div>\n\t\t<\/section>\n\t\t\t\t\t<\/div>\n\t\t<\/div>\n\t\t\t\t<div class=\"elementor-column elementor-col-50 elementor-top-column elementor-element elementor-element-2cb9c204\" data-id=\"2cb9c204\" data-element_type=\"column\">\n\t\t\t<div class=\"elementor-widget-wrap elementor-element-populated\">\n\t\t\t\t\t\t<div class=\"elementor-element elementor-element-4497a252 elementor-vertical-align-top elementor-widget elementor-widget-image-box\" data-id=\"4497a252\" data-element_type=\"widget\" data-widget_type=\"image-box.default\">\n\t\t\t\t<div class=\"elementor-widget-container\">\n\t\t\t\t\t<div class=\"elementor-image-box-wrapper\"><div class=\"elementor-image-box-content\"><h3 class=\"elementor-image-box-title\">Ausgabe M\u00e4rz 2022<\/h3><p class=\"elementor-image-box-description\">Praxisabl\u00e4ufe und -organisation werden immer schlanker und effizienter gestaltet und durch den immer gr\u00f6\u00dfer werdenden Zeitdruck kann es zu Fehlern kommen. Sei es bei der Lagerung von Impfstoffen oder bei der Aufkl\u00e4rung von Patienten...<\/p><\/div><\/div>\t\t\t\t<\/div>\n\t\t\t\t<\/div>\n\t\t\t\t<section class=\"elementor-section elementor-inner-section elementor-element elementor-element-7241f8cd elementor-section-boxed elementor-section-height-default elementor-section-height-default\" data-id=\"7241f8cd\" data-element_type=\"section\">\n\t\t\t\t\t\t<div class=\"elementor-container elementor-column-gap-default\">\n\t\t\t\t\t<div class=\"elementor-column elementor-col-100 elementor-inner-column elementor-element elementor-element-5051ec4a\" data-id=\"5051ec4a\" data-element_type=\"column\">\n\t\t\t<div class=\"elementor-widget-wrap elementor-element-populated\">\n\t\t\t\t\t\t<div class=\"elementor-element elementor-element-4b37b31f elementor-align-left elementor-widget elementor-widget-button\" data-id=\"4b37b31f\" data-element_type=\"widget\" data-widget_type=\"button.default\">\n\t\t\t\t<div class=\"elementor-widget-container\">\n\t\t\t\t\t\t\t\t\t<div class=\"elementor-button-wrapper\">\n\t\t\t\t\t<a class=\"elementor-button elementor-button-link elementor-size-sm elementor-animation-pulse-grow\" href=\"https:\/\/fokken-team.de\/Newsletter-Fokken%26Kollegen\/Med-Letter\/medletter-maerz2022.pdf\" target=\"_blank\">\n\t\t\t\t\t\t<span class=\"elementor-button-content-wrapper\">\n\t\t\t\t\t\t\t\t\t<span class=\"elementor-button-text\">PDF<\/span>\n\t\t\t\t\t<\/span>\n\t\t\t\t\t<\/a>\n\t\t\t\t<\/div>\n\t\t\t\t\t\t\t\t<\/div>\n\t\t\t\t<\/div>\n\t\t\t\t\t<\/div>\n\t\t<\/div>\n\t\t\t\t\t<\/div>\n\t\t<\/section>\n\t\t\t\t\t<\/div>\n\t\t<\/div>\n\t\t\t\t\t<\/div>\n\t\t<\/section>\n\t\t\t\t<section class=\"elementor-section elementor-top-section elementor-element elementor-element-35ba964a elementor-section-boxed elementor-section-height-default elementor-section-height-default\" data-id=\"35ba964a\" data-element_type=\"section\" data-settings=\"{&quot;background_background&quot;:&quot;classic&quot;}\">\n\t\t\t\t\t\t<div class=\"elementor-container elementor-column-gap-wider\">\n\t\t\t\t\t<div class=\"elementor-column elementor-col-50 elementor-top-column elementor-element elementor-element-3b727175\" data-id=\"3b727175\" data-element_type=\"column\">\n\t\t\t<div class=\"elementor-widget-wrap elementor-element-populated\">\n\t\t\t\t\t\t<div class=\"elementor-element elementor-element-689dbdfe elementor-vertical-align-top elementor-widget elementor-widget-image-box\" data-id=\"689dbdfe\" data-element_type=\"widget\" data-widget_type=\"image-box.default\">\n\t\t\t\t<div class=\"elementor-widget-container\">\n\t\t\t\t\t<div class=\"elementor-image-box-wrapper\"><div class=\"elementor-image-box-content\"><h3 class=\"elementor-image-box-title\">Ausgabe November 2021<\/h3><p class=\"elementor-image-box-description\">Im Juli ist das Gesundheitsversorgungsweiter<br\/>-entwicklungsgesetzt (GVWG) in Kraft getreten, wir besch\u00e4ftigen uns in dieser Ausgabe des MedLetters mit der Bedeutung f\u00fcr Ihren Berufsstand und was sich damit f\u00fcr Sie ver\u00e4ndert. Lesen Sie hierzu unsere beiden Beitr\u00e4ge \u201eEinf\u00fchrung der Pflichtversicherung f\u00fcr Vertrags\u00e4rzte\u201c sowie \u201eFreunde f\u00fcrs Leben \u2013 und pflichtversichert\u201c...<\/p><\/div><\/div>\t\t\t\t<\/div>\n\t\t\t\t<\/div>\n\t\t\t\t<section class=\"elementor-section elementor-inner-section elementor-element elementor-element-47949ad0 elementor-section-boxed elementor-section-height-default elementor-section-height-default\" data-id=\"47949ad0\" data-element_type=\"section\">\n\t\t\t\t\t\t<div class=\"elementor-container elementor-column-gap-default\">\n\t\t\t\t\t<div class=\"elementor-column elementor-col-100 elementor-inner-column elementor-element elementor-element-66f3741f\" data-id=\"66f3741f\" data-element_type=\"column\">\n\t\t\t<div class=\"elementor-widget-wrap elementor-element-populated\">\n\t\t\t\t\t\t<div class=\"elementor-element elementor-element-5fc67113 elementor-align-left elementor-widget elementor-widget-button\" data-id=\"5fc67113\" data-element_type=\"widget\" data-widget_type=\"button.default\">\n\t\t\t\t<div class=\"elementor-widget-container\">\n\t\t\t\t\t\t\t\t\t<div class=\"elementor-button-wrapper\">\n\t\t\t\t\t<a class=\"elementor-button elementor-button-link elementor-size-sm elementor-animation-pulse-grow\" href=\"https:\/\/fokken-team.de\/Newsletter-Fokken%26Kollegen\/Med-Letter\/medletter-nov2021.pdf\" target=\"_blank\">\n\t\t\t\t\t\t<span class=\"elementor-button-content-wrapper\">\n\t\t\t\t\t\t\t\t\t<span class=\"elementor-button-text\">PDF<\/span>\n\t\t\t\t\t<\/span>\n\t\t\t\t\t<\/a>\n\t\t\t\t<\/div>\n\t\t\t\t\t\t\t\t<\/div>\n\t\t\t\t<\/div>\n\t\t\t\t\t<\/div>\n\t\t<\/div>\n\t\t\t\t\t<\/div>\n\t\t<\/section>\n\t\t\t\t\t<\/div>\n\t\t<\/div>\n\t\t\t\t<div class=\"elementor-column elementor-col-50 elementor-top-column elementor-element elementor-element-64643f29\" data-id=\"64643f29\" data-element_type=\"column\">\n\t\t\t<div class=\"elementor-widget-wrap elementor-element-populated\">\n\t\t\t\t\t\t<div class=\"elementor-element elementor-element-73d272c3 elementor-vertical-align-top elementor-widget elementor-widget-image-box\" data-id=\"73d272c3\" data-element_type=\"widget\" data-widget_type=\"image-box.default\">\n\t\t\t\t<div class=\"elementor-widget-container\">\n\t\t\t\t\t<div class=\"elementor-image-box-wrapper\"><div class=\"elementor-image-box-content\"><h3 class=\"elementor-image-box-title\">Ausgabe August 2021<\/h3><p class=\"elementor-image-box-description\">In unserer zweiten Ausgabe des Medletters 2021 haben wir Ihnen wieder spannende Artikel rund um das Thema COVID-19, Beispiele aus der Schadenpraxis aber auch Informationen zur neuen Europ\u00e4ische Medizinprodukteverordnung zusammengestellt.\n\nIn unserem Hauptbeitrag berichteten zwei \u00c4rztinnen \u00fcber ihren Praxisbrand und wie gl\u00fccklich sie sind, eine Betriebsschlie\u00dfungs-Versicherung abgeschlossen zu haben...<\/p><\/div><\/div>\t\t\t\t<\/div>\n\t\t\t\t<\/div>\n\t\t\t\t<section class=\"elementor-section elementor-inner-section elementor-element elementor-element-797b7e47 elementor-section-boxed elementor-section-height-default elementor-section-height-default\" data-id=\"797b7e47\" data-element_type=\"section\">\n\t\t\t\t\t\t<div class=\"elementor-container elementor-column-gap-default\">\n\t\t\t\t\t<div class=\"elementor-column elementor-col-100 elementor-inner-column elementor-element elementor-element-17f9fcfb\" data-id=\"17f9fcfb\" data-element_type=\"column\">\n\t\t\t<div class=\"elementor-widget-wrap elementor-element-populated\">\n\t\t\t\t\t\t<div class=\"elementor-element elementor-element-269ab732 elementor-align-left elementor-widget elementor-widget-button\" data-id=\"269ab732\" data-element_type=\"widget\" data-widget_type=\"button.default\">\n\t\t\t\t<div class=\"elementor-widget-container\">\n\t\t\t\t\t\t\t\t\t<div class=\"elementor-button-wrapper\">\n\t\t\t\t\t<a class=\"elementor-button elementor-button-link elementor-size-sm elementor-animation-pulse-grow\" href=\"https:\/\/fokken-team.de\/Newsletter-Fokken%26Kollegen\/Med-Letter\/medletter-aug2021.pdf\" target=\"_blank\">\n\t\t\t\t\t\t<span class=\"elementor-button-content-wrapper\">\n\t\t\t\t\t\t\t\t\t<span class=\"elementor-button-text\">PDF<\/span>\n\t\t\t\t\t<\/span>\n\t\t\t\t\t<\/a>\n\t\t\t\t<\/div>\n\t\t\t\t\t\t\t\t<\/div>\n\t\t\t\t<\/div>\n\t\t\t\t\t<\/div>\n\t\t<\/div>\n\t\t\t\t\t<\/div>\n\t\t<\/section>\n\t\t\t\t\t<\/div>\n\t\t<\/div>\n\t\t\t\t\t<\/div>\n\t\t<\/section>\n\t\t\t\t<section class=\"elementor-section elementor-top-section elementor-element elementor-element-db7c146 elementor-section-boxed elementor-section-height-default elementor-section-height-default\" data-id=\"db7c146\" data-element_type=\"section\" data-settings=\"{&quot;background_background&quot;:&quot;classic&quot;}\">\n\t\t\t\t\t\t<div class=\"elementor-container elementor-column-gap-wider\">\n\t\t\t\t\t<div class=\"elementor-column elementor-col-50 elementor-top-column elementor-element elementor-element-004e641\" data-id=\"004e641\" data-element_type=\"column\">\n\t\t\t<div class=\"elementor-widget-wrap elementor-element-populated\">\n\t\t\t\t\t\t<div class=\"elementor-element elementor-element-e4dfefa elementor-vertical-align-top elementor-widget elementor-widget-image-box\" data-id=\"e4dfefa\" data-element_type=\"widget\" data-widget_type=\"image-box.default\">\n\t\t\t\t<div class=\"elementor-widget-container\">\n\t\t\t\t\t<div class=\"elementor-image-box-wrapper\"><div class=\"elementor-image-box-content\"><h3 class=\"elementor-image-box-title\">Ausgabe M\u00e4rz 2021<\/h3><p class=\"elementor-image-box-description\">Das Jahr 2020 war sehr von dem Coronavirus SARS COVID-19 gepr\u00e4gt. In allen Medien wurde dazu schon umfangreich berichtet. Endlich stehen auch die Corona-Impfzentren, doch wie gehen die Mitarbeiter und \u00c4rzte in diesen mit der Situation um? Lesen Sie dazu unser Interview \u201eHilfe in Zeiten von Corona!\u201c, eine junge \u00c4rztin berichtet von ihren Erfahrungen aus einem Impfzentrum...<\/p><\/div><\/div>\t\t\t\t<\/div>\n\t\t\t\t<\/div>\n\t\t\t\t<section class=\"elementor-section elementor-inner-section elementor-element elementor-element-8e6107e elementor-section-boxed elementor-section-height-default elementor-section-height-default\" data-id=\"8e6107e\" data-element_type=\"section\">\n\t\t\t\t\t\t<div class=\"elementor-container elementor-column-gap-default\">\n\t\t\t\t\t<div class=\"elementor-column elementor-col-100 elementor-inner-column elementor-element elementor-element-0a009b0\" data-id=\"0a009b0\" data-element_type=\"column\">\n\t\t\t<div class=\"elementor-widget-wrap elementor-element-populated\">\n\t\t\t\t\t\t<div class=\"elementor-element elementor-element-2a67354 elementor-align-left elementor-widget elementor-widget-button\" data-id=\"2a67354\" data-element_type=\"widget\" data-widget_type=\"button.default\">\n\t\t\t\t<div class=\"elementor-widget-container\">\n\t\t\t\t\t\t\t\t\t<div class=\"elementor-button-wrapper\">\n\t\t\t\t\t<a class=\"elementor-button elementor-button-link elementor-size-sm elementor-animation-pulse-grow\" href=\"https:\/\/fokken-team.de\/Newsletter-Fokken%26Kollegen\/Med-Letter\/medletter-maerz2021.pdf\" target=\"_blank\">\n\t\t\t\t\t\t<span class=\"elementor-button-content-wrapper\">\n\t\t\t\t\t\t\t\t\t<span class=\"elementor-button-text\">PDF<\/span>\n\t\t\t\t\t<\/span>\n\t\t\t\t\t<\/a>\n\t\t\t\t<\/div>\n\t\t\t\t\t\t\t\t<\/div>\n\t\t\t\t<\/div>\n\t\t\t\t\t<\/div>\n\t\t<\/div>\n\t\t\t\t\t<\/div>\n\t\t<\/section>\n\t\t\t\t\t<\/div>\n\t\t<\/div>\n\t\t\t\t<div class=\"elementor-column elementor-col-50 elementor-top-column elementor-element elementor-element-3626e43\" data-id=\"3626e43\" data-element_type=\"column\">\n\t\t\t<div class=\"elementor-widget-wrap\">\n\t\t\t\t\t\t\t<\/div>\n\t\t<\/div>\n\t\t\t\t\t<\/div>\n\t\t<\/section>\n\t\t\t\t<\/div>\n\t\t","protected":false},"excerpt":{"rendered":"<p>MED Letter Ausgabe August 2022 In unserer November Ausgabe 2021 haben wir bereits zum Gesundheitsversorgungsweiter-entwicklungsgesetzt (GVWG) berichtet. Der Gesetzgeber hat mit dem GVWG die Verpflichtung zum Nachweis der Berufs-Haftpflichtversicherung eingef\u00fchrt. Was sich genau ver\u00e4ndert und wie HDI den Prozess abbildet, k\u00f6nnen Sie dem Beitrag \u201eEinf\u00fchrung einer Pflichtversicherung f\u00fcr Vertrags\u00e4rzte\u201c entnehmen&#8230; PDF Ausgabe M\u00e4rz 2022 Praxisabl\u00e4ufe [&#8230;]\n","protected":false},"author":1,"featured_media":0,"parent":98,"menu_order":0,"comment_status":"closed","ping_status":"closed","template":"","meta":{"footnotes":""},"class_list":["post-2134","page","type-page","status-publish","hentry"],"yoast_head":"<!-- This site is optimized with the Yoast SEO plugin v24.8.1 - https:\/\/yoast.com\/wordpress\/plugins\/seo\/ -->\n<title>Med Letter - Fokken &amp; Team<\/title>\n<meta name=\"robots\" content=\"index, follow, max-snippet:-1, max-image-preview:large, max-video-preview:-1\" \/>\n<link rel=\"canonical\" href=\"https:\/\/fokken-team.de\/?page_id=2134\" \/>\n<meta property=\"og:locale\" content=\"de_DE\" \/>\n<meta property=\"og:type\" content=\"article\" \/>\n<meta property=\"og:title\" content=\"Med Letter - Fokken &amp; Team\" \/>\n<meta property=\"og:description\" content=\"MED Letter Ausgabe August 2022 In unserer November Ausgabe 2021 haben wir bereits zum Gesundheitsversorgungsweiter-entwicklungsgesetzt (GVWG) berichtet. Der Gesetzgeber hat mit dem GVWG die Verpflichtung zum Nachweis der Berufs-Haftpflichtversicherung eingef\u00fchrt. Was sich genau ver\u00e4ndert und wie HDI den Prozess abbildet, k\u00f6nnen Sie dem Beitrag \u201eEinf\u00fchrung einer Pflichtversicherung f\u00fcr Vertrags\u00e4rzte\u201c entnehmen&#8230; PDF Ausgabe M\u00e4rz 2022 Praxisabl\u00e4ufe [...]\" \/>\n<meta property=\"og:url\" content=\"https:\/\/fokken-team.de\/?page_id=2134\" \/>\n<meta property=\"og:site_name\" content=\"Fokken &amp; Team\" \/>\n<meta property=\"article:modified_time\" content=\"2022-09-20T13:51:21+00:00\" \/>\n<meta name=\"twitter:card\" content=\"summary_large_image\" \/>\n<meta name=\"twitter:label1\" content=\"Gesch\u00e4tzte Lesezeit\" \/>\n\t<meta name=\"twitter:data1\" content=\"1\u00a0Minute\" \/>\n<script type=\"application\/ld+json\" class=\"yoast-schema-graph\">{\"@context\":\"https:\/\/schema.org\",\"@graph\":[{\"@type\":\"WebPage\",\"@id\":\"https:\/\/fokken-team.de\/?page_id=2134\",\"url\":\"https:\/\/fokken-team.de\/?page_id=2134\",\"name\":\"Med Letter - Fokken &amp; Team\",\"isPartOf\":{\"@id\":\"https:\/\/fokken-team.de\/#website\"},\"datePublished\":\"2022-09-20T02:12:27+00:00\",\"dateModified\":\"2022-09-20T13:51:21+00:00\",\"breadcrumb\":{\"@id\":\"https:\/\/fokken-team.de\/?page_id=2134#breadcrumb\"},\"inLanguage\":\"de\",\"potentialAction\":[{\"@type\":\"ReadAction\",\"target\":[\"https:\/\/fokken-team.de\/?page_id=2134\"]}]},{\"@type\":\"BreadcrumbList\",\"@id\":\"https:\/\/fokken-team.de\/?page_id=2134#breadcrumb\",\"itemListElement\":[{\"@type\":\"ListItem\",\"position\":1,\"name\":\"Startseite\",\"item\":\"https:\/\/fokken-team.de\/\"},{\"@type\":\"ListItem\",\"position\":2,\"name\":\"Service\",\"item\":\"https:\/\/fokken-team.de\/?page_id=98\"},{\"@type\":\"ListItem\",\"position\":3,\"name\":\"Med Letter\"}]},{\"@type\":\"WebSite\",\"@id\":\"https:\/\/fokken-team.de\/#website\",\"url\":\"https:\/\/fokken-team.de\/\",\"name\":\"Fokken & Kollegen\",\"description\":\"\",\"publisher\":{\"@id\":\"https:\/\/fokken-team.de\/#organization\"},\"potentialAction\":[{\"@type\":\"SearchAction\",\"target\":{\"@type\":\"EntryPoint\",\"urlTemplate\":\"https:\/\/fokken-team.de\/?s={search_term_string}\"},\"query-input\":{\"@type\":\"PropertyValueSpecification\",\"valueRequired\":true,\"valueName\":\"search_term_string\"}}],\"inLanguage\":\"de\"},{\"@type\":\"Organization\",\"@id\":\"https:\/\/fokken-team.de\/#organization\",\"name\":\"Fokken & Kollegen\",\"url\":\"https:\/\/fokken-team.de\/\",\"logo\":{\"@type\":\"ImageObject\",\"inLanguage\":\"de\",\"@id\":\"https:\/\/fokken-team.de\/#\/schema\/logo\/image\/\",\"url\":\"https:\/\/fokken-team.de\/wp-content\/uploads\/2020\/03\/cropped-cropped-entwuerfe_fokken-kollegen_logo_vorabversion-e1639586232564.png\",\"contentUrl\":\"https:\/\/fokken-team.de\/wp-content\/uploads\/2020\/03\/cropped-cropped-entwuerfe_fokken-kollegen_logo_vorabversion-e1639586232564.png\",\"width\":350,\"height\":192,\"caption\":\"Fokken & Kollegen\"},\"image\":{\"@id\":\"https:\/\/fokken-team.de\/#\/schema\/logo\/image\/\"}}]}<\/script>\n<!-- \/ Yoast SEO plugin. -->","yoast_head_json":{"title":"Med Letter - Fokken &amp; Team","robots":{"index":"index","follow":"follow","max-snippet":"max-snippet:-1","max-image-preview":"max-image-preview:large","max-video-preview":"max-video-preview:-1"},"canonical":"https:\/\/fokken-team.de\/?page_id=2134","og_locale":"de_DE","og_type":"article","og_title":"Med Letter - Fokken &amp; Team","og_description":"MED Letter Ausgabe August 2022 In unserer November Ausgabe 2021 haben wir bereits zum Gesundheitsversorgungsweiter-entwicklungsgesetzt (GVWG) berichtet. Der Gesetzgeber hat mit dem GVWG die Verpflichtung zum Nachweis der Berufs-Haftpflichtversicherung eingef\u00fchrt. Was sich genau ver\u00e4ndert und wie HDI den Prozess abbildet, k\u00f6nnen Sie dem Beitrag \u201eEinf\u00fchrung einer Pflichtversicherung f\u00fcr Vertrags\u00e4rzte\u201c entnehmen&#8230; PDF Ausgabe M\u00e4rz 2022 Praxisabl\u00e4ufe [...]","og_url":"https:\/\/fokken-team.de\/?page_id=2134","og_site_name":"Fokken &amp; Team","article_modified_time":"2022-09-20T13:51:21+00:00","twitter_card":"summary_large_image","twitter_misc":{"Gesch\u00e4tzte Lesezeit":"1\u00a0Minute"},"schema":{"@context":"https:\/\/schema.org","@graph":[{"@type":"WebPage","@id":"https:\/\/fokken-team.de\/?page_id=2134","url":"https:\/\/fokken-team.de\/?page_id=2134","name":"Med Letter - Fokken &amp; Team","isPartOf":{"@id":"https:\/\/fokken-team.de\/#website"},"datePublished":"2022-09-20T02:12:27+00:00","dateModified":"2022-09-20T13:51:21+00:00","breadcrumb":{"@id":"https:\/\/fokken-team.de\/?page_id=2134#breadcrumb"},"inLanguage":"de","potentialAction":[{"@type":"ReadAction","target":["https:\/\/fokken-team.de\/?page_id=2134"]}]},{"@type":"BreadcrumbList","@id":"https:\/\/fokken-team.de\/?page_id=2134#breadcrumb","itemListElement":[{"@type":"ListItem","position":1,"name":"Startseite","item":"https:\/\/fokken-team.de\/"},{"@type":"ListItem","position":2,"name":"Service","item":"https:\/\/fokken-team.de\/?page_id=98"},{"@type":"ListItem","position":3,"name":"Med Letter"}]},{"@type":"WebSite","@id":"https:\/\/fokken-team.de\/#website","url":"https:\/\/fokken-team.de\/","name":"Fokken & Kollegen","description":"","publisher":{"@id":"https:\/\/fokken-team.de\/#organization"},"potentialAction":[{"@type":"SearchAction","target":{"@type":"EntryPoint","urlTemplate":"https:\/\/fokken-team.de\/?s={search_term_string}"},"query-input":{"@type":"PropertyValueSpecification","valueRequired":true,"valueName":"search_term_string"}}],"inLanguage":"de"},{"@type":"Organization","@id":"https:\/\/fokken-team.de\/#organization","name":"Fokken & Kollegen","url":"https:\/\/fokken-team.de\/","logo":{"@type":"ImageObject","inLanguage":"de","@id":"https:\/\/fokken-team.de\/#\/schema\/logo\/image\/","url":"https:\/\/fokken-team.de\/wp-content\/uploads\/2020\/03\/cropped-cropped-entwuerfe_fokken-kollegen_logo_vorabversion-e1639586232564.png","contentUrl":"https:\/\/fokken-team.de\/wp-content\/uploads\/2020\/03\/cropped-cropped-entwuerfe_fokken-kollegen_logo_vorabversion-e1639586232564.png","width":350,"height":192,"caption":"Fokken & Kollegen"},"image":{"@id":"https:\/\/fokken-team.de\/#\/schema\/logo\/image\/"}}]}},"_links":{"self":[{"href":"https:\/\/fokken-team.de\/index.php?rest_route=\/wp\/v2\/pages\/2134","targetHints":{"allow":["GET"]}}],"collection":[{"href":"https:\/\/fokken-team.de\/index.php?rest_route=\/wp\/v2\/pages"}],"about":[{"href":"https:\/\/fokken-team.de\/index.php?rest_route=\/wp\/v2\/types\/page"}],"author":[{"embeddable":true,"href":"https:\/\/fokken-team.de\/index.php?rest_route=\/wp\/v2\/users\/1"}],"replies":[{"embeddable":true,"href":"https:\/\/fokken-team.de\/index.php?rest_route=%2Fwp%2Fv2%2Fcomments&post=2134"}],"version-history":[{"count":17,"href":"https:\/\/fokken-team.de\/index.php?rest_route=\/wp\/v2\/pages\/2134\/revisions"}],"predecessor-version":[{"id":2265,"href":"https:\/\/fokken-team.de\/index.php?rest_route=\/wp\/v2\/pages\/2134\/revisions\/2265"}],"up":[{"embeddable":true,"href":"https:\/\/fokken-team.de\/index.php?rest_route=\/wp\/v2\/pages\/98"}],"wp:attachment":[{"href":"https:\/\/fokken-team.de\/index.php?rest_route=%2Fwp%2Fv2%2Fmedia&parent=2134"}],"curies":[{"name":"wp","href":"https:\/\/api.w.org\/{rel}","templated":true}]}}