{"id":100,"date":"2018-06-20T08:02:57","date_gmt":"2018-06-20T08:02:57","guid":{"rendered":"https:\/\/fokken-team.de\/?page_id=100"},"modified":"2022-09-20T01:04:59","modified_gmt":"2022-09-20T01:04:59","slug":"ueber-uns","status":"publish","type":"page","link":"https:\/\/fokken-team.de\/?page_id=100","title":{"rendered":"\u00dcber uns"},"content":{"rendered":"\t\t<div data-elementor-type=\"wp-post\" data-elementor-id=\"100\" class=\"elementor elementor-100\">\n\t\t\t\t\t\t<section class=\"elementor-section elementor-top-section elementor-element elementor-element-cb4688c elementor-section-height-min-height elementor-section-full_width elementor-section-height-default elementor-section-items-middle\" data-id=\"cb4688c\" data-element_type=\"section\" data-settings=\"{&quot;background_background&quot;:&quot;classic&quot;}\">\n\t\t\t\t\t\t\t<div class=\"elementor-background-overlay\"><\/div>\n\t\t\t\t\t\t\t<div class=\"elementor-container elementor-column-gap-default\">\n\t\t\t\t\t<div class=\"elementor-column elementor-col-100 elementor-top-column elementor-element elementor-element-c7eea26\" data-id=\"c7eea26\" data-element_type=\"column\">\n\t\t\t<div class=\"elementor-widget-wrap elementor-element-populated\">\n\t\t\t\t\t\t<div class=\"elementor-element elementor-element-b8b805b elementor-widget elementor-widget-heading\" data-id=\"b8b805b\" data-element_type=\"widget\" data-widget_type=\"heading.default\">\n\t\t\t\t<div class=\"elementor-widget-container\">\n\t\t\t\t\t<h2 class=\"elementor-heading-title elementor-size-default\">\u00dcber uns<\/h2>\t\t\t\t<\/div>\n\t\t\t\t<\/div>\n\t\t\t\t\t<\/div>\n\t\t<\/div>\n\t\t\t\t\t<\/div>\n\t\t<\/section>\n\t\t\t\t<section class=\"elementor-section elementor-top-section elementor-element elementor-element-a4328de elementor-reverse-mobile elementor-section-boxed elementor-section-height-default elementor-section-height-default\" data-id=\"a4328de\" data-element_type=\"section\">\n\t\t\t\t\t\t<div class=\"elementor-container elementor-column-gap-default\">\n\t\t\t\t\t<div class=\"elementor-column elementor-col-50 elementor-top-column elementor-element elementor-element-6ff0eaf\" data-id=\"6ff0eaf\" data-element_type=\"column\">\n\t\t\t<div class=\"elementor-widget-wrap elementor-element-populated\">\n\t\t\t\t\t\t<div class=\"elementor-element elementor-element-14a82d9 elementor-widget elementor-widget-heading\" data-id=\"14a82d9\" data-element_type=\"widget\" data-widget_type=\"heading.default\">\n\t\t\t\t<div class=\"elementor-widget-container\">\n\t\t\t\t\t<h2 class=\"elementor-heading-title elementor-size-default\">HDI-Versicherung<\/h2>\t\t\t\t<\/div>\n\t\t\t\t<\/div>\n\t\t\t\t<div class=\"elementor-element elementor-element-95b218e elementor-widget elementor-widget-text-editor\" data-id=\"95b218e\" data-element_type=\"widget\" data-widget_type=\"text-editor.default\">\n\t\t\t\t<div class=\"elementor-widget-container\">\n\t\t\t\t\t\t\t\t\t<p>Die Marke HDI steht unter anderem f\u00fcr individuelle Beratung mit \u00fcber 100-j\u00e4hriger Erfahrung. Dabei spielen Kompetenz und fundiertes Know-how bei der Beratung, im Leistungs- und Schadensfall sowie in der Schadenpr\u00e4vention eine essenzielle Rolle. Nach diesem Leitbild handeln auch wir. Durch die Zugeh\u00f6rigkeit zur HDI k\u00f6nnen wir auf einen gro\u00dfen Pool an spezialisierten Kollegen zur\u00fcckgreifen und Ihnen f\u00fcr jeden Bedarf die passende L\u00f6sung anbieten.<\/p>\t\t\t\t\t\t\t\t<\/div>\n\t\t\t\t<\/div>\n\t\t\t\t\t<\/div>\n\t\t<\/div>\n\t\t\t\t<div class=\"elementor-column elementor-col-50 elementor-top-column elementor-element elementor-element-df13c91\" data-id=\"df13c91\" data-element_type=\"column\">\n\t\t\t<div class=\"elementor-widget-wrap elementor-element-populated\">\n\t\t\t\t\t\t<div class=\"elementor-element elementor-element-9d74e94 elementor-widget elementor-widget-image\" data-id=\"9d74e94\" data-element_type=\"widget\" data-widget_type=\"image.default\">\n\t\t\t\t<div class=\"elementor-widget-container\">\n\t\t\t\t\t\t\t\t\t\t\t\t\t\t\t<img fetchpriority=\"high\" decoding=\"async\" width=\"844\" height=\"591\" src=\"https:\/\/fokken-team.de\/wp-content\/uploads\/2022\/09\/Fokken-ueber-uns-Bildelement-02.jpg\" class=\"attachment-full size-full wp-image-1942\" alt=\"\" \/>\t\t\t\t\t\t\t\t\t\t\t\t\t\t\t<\/div>\n\t\t\t\t<\/div>\n\t\t\t\t\t<\/div>\n\t\t<\/div>\n\t\t\t\t\t<\/div>\n\t\t<\/section>\n\t\t\t\t<section class=\"elementor-section elementor-top-section elementor-element elementor-element-0ba3bd8 elementor-section-boxed elementor-section-height-default elementor-section-height-default\" data-id=\"0ba3bd8\" data-element_type=\"section\" data-settings=\"{&quot;background_background&quot;:&quot;classic&quot;}\">\n\t\t\t\t\t\t<div class=\"elementor-container elementor-column-gap-no\">\n\t\t\t\t\t<div class=\"elementor-column elementor-col-100 elementor-top-column elementor-element elementor-element-2ca438c\" data-id=\"2ca438c\" data-element_type=\"column\" data-settings=\"{&quot;background_background&quot;:&quot;classic&quot;}\">\n\t\t\t<div class=\"elementor-widget-wrap elementor-element-populated\">\n\t\t\t\t\t\t<div class=\"elementor-element elementor-element-1c07a97 elementor-widget elementor-widget-text-editor\" data-id=\"1c07a97\" data-element_type=\"widget\" data-widget_type=\"text-editor.default\">\n\t\t\t\t<div class=\"elementor-widget-container\">\n\t\t\t\t\t\t\t\t\t<p>Unsere Grundprinzipien<\/p>\t\t\t\t\t\t\t\t<\/div>\n\t\t\t\t<\/div>\n\t\t\t\t\t<\/div>\n\t\t<\/div>\n\t\t\t\t\t<\/div>\n\t\t<\/section>\n\t\t\t\t<section class=\"elementor-section elementor-top-section elementor-element elementor-element-a685a59 elementor-section-boxed elementor-section-height-default elementor-section-height-default\" data-id=\"a685a59\" data-element_type=\"section\" data-settings=\"{&quot;background_background&quot;:&quot;classic&quot;}\">\n\t\t\t\t\t\t<div class=\"elementor-container elementor-column-gap-no\">\n\t\t\t\t\t<div class=\"elementor-column elementor-col-33 elementor-top-column elementor-element elementor-element-aca6ea2\" data-id=\"aca6ea2\" data-element_type=\"column\" data-settings=\"{&quot;background_background&quot;:&quot;classic&quot;}\">\n\t\t\t<div class=\"elementor-widget-wrap elementor-element-populated\">\n\t\t\t\t\t\t<div class=\"elementor-element elementor-element-712a8e5 elementor-position-left elementor-vertical-align-top elementor-widget elementor-widget-image-box\" data-id=\"712a8e5\" data-element_type=\"widget\" data-widget_type=\"image-box.default\">\n\t\t\t\t<div class=\"elementor-widget-container\">\n\t\t\t\t\t<div class=\"elementor-image-box-wrapper\"><figure class=\"elementor-image-box-img\"><img decoding=\"async\" width=\"116\" height=\"116\" src=\"https:\/\/fokken-team.de\/wp-content\/uploads\/2021\/12\/speed_white_24dp.png\" class=\"attachment-full size-full wp-image-590\" alt=\"\" \/><\/figure><div class=\"elementor-image-box-content\"><h3 class=\"elementor-image-box-title\">Schnelligkeit<\/h3><p class=\"elementor-image-box-description\">Unser Ziel ist es, mit kurzen Reaktionszeiten auf die W\u00fcnsche unserer Kunden einzugehen und diese direkt umzusetzen.<\/p><\/div><\/div>\t\t\t\t<\/div>\n\t\t\t\t<\/div>\n\t\t\t\t\t<\/div>\n\t\t<\/div>\n\t\t\t\t<div class=\"elementor-column elementor-col-33 elementor-top-column elementor-element elementor-element-0cbeff1\" data-id=\"0cbeff1\" data-element_type=\"column\" data-settings=\"{&quot;background_background&quot;:&quot;classic&quot;}\">\n\t\t\t<div class=\"elementor-widget-wrap elementor-element-populated\">\n\t\t\t\t\t\t<div class=\"elementor-element elementor-element-e74774d elementor-position-left elementor-vertical-align-top elementor-widget elementor-widget-image-box\" data-id=\"e74774d\" data-element_type=\"widget\" data-widget_type=\"image-box.default\">\n\t\t\t\t<div class=\"elementor-widget-container\">\n\t\t\t\t\t<div class=\"elementor-image-box-wrapper\"><figure class=\"elementor-image-box-img\"><img decoding=\"async\" width=\"103\" height=\"103\" src=\"https:\/\/fokken-team.de\/wp-content\/uploads\/2021\/12\/live_help_white_24dp.png\" class=\"attachment-full size-full wp-image-588\" alt=\"\" \/><\/figure><div class=\"elementor-image-box-content\"><h3 class=\"elementor-image-box-title\">Servicegedanke<\/h3><p class=\"elementor-image-box-description\">Wir sprechen die Sprache unserer Kunden und handeln transparent. Zufriedene Kunden sind f\u00fcr uns die h\u00f6chste Anerkennung.<\/p><\/div><\/div>\t\t\t\t<\/div>\n\t\t\t\t<\/div>\n\t\t\t\t\t<\/div>\n\t\t<\/div>\n\t\t\t\t<div class=\"elementor-column elementor-col-33 elementor-top-column elementor-element elementor-element-582993f\" data-id=\"582993f\" data-element_type=\"column\" data-settings=\"{&quot;background_background&quot;:&quot;classic&quot;}\">\n\t\t\t<div class=\"elementor-widget-wrap elementor-element-populated\">\n\t\t\t\t\t\t<div class=\"elementor-element elementor-element-f2176c8 elementor-position-left elementor-vertical-align-top elementor-widget elementor-widget-image-box\" data-id=\"f2176c8\" data-element_type=\"widget\" data-widget_type=\"image-box.default\">\n\t\t\t\t<div class=\"elementor-widget-container\">\n\t\t\t\t\t<div class=\"elementor-image-box-wrapper\"><figure class=\"elementor-image-box-img\"><img loading=\"lazy\" decoding=\"async\" width=\"130\" height=\"130\" src=\"https:\/\/fokken-team.de\/wp-content\/uploads\/2021\/12\/people_white_24dp.png\" class=\"attachment-full size-full wp-image-589\" alt=\"\" \/><\/figure><div class=\"elementor-image-box-content\"><h3 class=\"elementor-image-box-title\">Auf Augenh\u00f6he<\/h3><p class=\"elementor-image-box-description\">Vertrauen, Verl\u00e4sslichkeit sowie gegenseitiger Respekt bilden die Basis unserer Kundenbeziehungen.<\/p><\/div><\/div>\t\t\t\t<\/div>\n\t\t\t\t<\/div>\n\t\t\t\t\t<\/div>\n\t\t<\/div>\n\t\t\t\t\t<\/div>\n\t\t<\/section>\n\t\t\t\t<section class=\"elementor-section elementor-top-section elementor-element elementor-element-c140c33 elementor-section-boxed elementor-section-height-default elementor-section-height-default\" data-id=\"c140c33\" data-element_type=\"section\">\n\t\t\t\t\t\t<div class=\"elementor-container elementor-column-gap-default\">\n\t\t\t\t\t<div class=\"elementor-column elementor-col-100 elementor-top-column elementor-element elementor-element-d1f5102\" data-id=\"d1f5102\" data-element_type=\"column\">\n\t\t\t<div class=\"elementor-widget-wrap elementor-element-populated\">\n\t\t\t\t\t\t<div class=\"elementor-element elementor-element-6e0e0b7 elementor-widget elementor-widget-heading\" data-id=\"6e0e0b7\" data-element_type=\"widget\" data-widget_type=\"heading.default\">\n\t\t\t\t<div class=\"elementor-widget-container\">\n\t\t\t\t\t<h2 class=\"elementor-heading-title elementor-size-default\">Unsere Partner<\/h2>\t\t\t\t<\/div>\n\t\t\t\t<\/div>\n\t\t\t\t<div class=\"elementor-element elementor-element-f8d902e elementor-widget elementor-widget-text-editor\" data-id=\"f8d902e\" data-element_type=\"widget\" data-widget_type=\"text-editor.default\">\n\t\t\t\t<div class=\"elementor-widget-container\">\n\t\t\t\t\t\t\t\t\t<p>Um Ihnen noch mehr Expertise bieten zu k\u00f6nnen, arbeiten wir mit renommierten Partnern zusammen, die unser Angebot erg\u00e4nzen und unsere Serviceleistungen erweitern.<\/p>\t\t\t\t\t\t\t\t<\/div>\n\t\t\t\t<\/div>\n\t\t\t\t\t<\/div>\n\t\t<\/div>\n\t\t\t\t\t<\/div>\n\t\t<\/section>\n\t\t\t\t<section class=\"elementor-section elementor-inner-section elementor-element elementor-element-a6ee481 elementor-section-boxed elementor-section-height-default elementor-section-height-default\" data-id=\"a6ee481\" data-element_type=\"section\">\n\t\t\t\t\t\t<div class=\"elementor-container elementor-column-gap-default\">\n\t\t\t\t\t<div class=\"elementor-column elementor-col-50 elementor-inner-column elementor-element elementor-element-960602a\" data-id=\"960602a\" data-element_type=\"column\">\n\t\t\t<div class=\"elementor-widget-wrap elementor-element-populated\">\n\t\t\t\t\t\t<div class=\"elementor-element elementor-element-c957bf3 elementor-position-right elementor-vertical-align-top elementor-widget elementor-widget-image-box\" data-id=\"c957bf3\" data-element_type=\"widget\" data-widget_type=\"image-box.default\">\n\t\t\t\t<div class=\"elementor-widget-container\">\n\t\t\t\t\t<div class=\"elementor-image-box-wrapper\"><figure class=\"elementor-image-box-img\"><img loading=\"lazy\" decoding=\"async\" width=\"348\" height=\"176\" src=\"https:\/\/fokken-team.de\/wp-content\/uploads\/2021\/12\/curvm_logo_d.png\" class=\"attachment-full size-full wp-image-595\" alt=\"\" \/><\/figure><\/div>\t\t\t\t<\/div>\n\t\t\t\t<\/div>\n\t\t\t\t\t<\/div>\n\t\t<\/div>\n\t\t\t\t<div class=\"elementor-column elementor-col-50 elementor-inner-column elementor-element elementor-element-c79ef23\" data-id=\"c79ef23\" data-element_type=\"column\">\n\t\t\t<div class=\"elementor-widget-wrap elementor-element-populated\">\n\t\t\t\t\t\t<div class=\"elementor-element elementor-element-814e8e8 elementor-position-left elementor-vertical-align-top elementor-widget elementor-widget-image-box\" data-id=\"814e8e8\" data-element_type=\"widget\" data-widget_type=\"image-box.default\">\n\t\t\t\t<div class=\"elementor-widget-container\">\n\t\t\t\t\t<div class=\"elementor-image-box-wrapper\"><figure class=\"elementor-image-box-img\"><img loading=\"lazy\" decoding=\"async\" width=\"1772\" height=\"591\" src=\"https:\/\/fokken-team.de\/wp-content\/uploads\/2022\/09\/image00217.png\" class=\"attachment-full size-full wp-image-1831\" alt=\"\" srcset=\"https:\/\/fokken-team.de\/wp-content\/uploads\/2022\/09\/image00217.png 1772w, https:\/\/fokken-team.de\/wp-content\/uploads\/2022\/09\/image00217-1536x512.png 1536w\" sizes=\"(max-width: 1772px) 100vw, 1772px\" \/><\/figure><\/div>\t\t\t\t<\/div>\n\t\t\t\t<\/div>\n\t\t\t\t\t<\/div>\n\t\t<\/div>\n\t\t\t\t\t<\/div>\n\t\t<\/section>\n\t\t\t\t<section class=\"elementor-section elementor-inner-section elementor-element elementor-element-1ae8e69 elementor-section-boxed elementor-section-height-default elementor-section-height-default\" data-id=\"1ae8e69\" data-element_type=\"section\">\n\t\t\t\t\t\t<div class=\"elementor-container elementor-column-gap-default\">\n\t\t\t\t\t<div class=\"elementor-column elementor-col-50 elementor-inner-column elementor-element elementor-element-607436a\" data-id=\"607436a\" data-element_type=\"column\">\n\t\t\t<div class=\"elementor-widget-wrap elementor-element-populated\">\n\t\t\t\t\t\t<div class=\"elementor-element elementor-element-d53145a elementor-position-right elementor-vertical-align-top elementor-widget elementor-widget-image-box\" data-id=\"d53145a\" data-element_type=\"widget\" data-widget_type=\"image-box.default\">\n\t\t\t\t<div class=\"elementor-widget-container\">\n\t\t\t\t\t<div class=\"elementor-image-box-wrapper\"><figure class=\"elementor-image-box-img\"><img loading=\"lazy\" decoding=\"async\" width=\"176\" height=\"126\" src=\"https:\/\/fokken-team.de\/wp-content\/uploads\/2022\/09\/image00172.png\" class=\"attachment-full size-full wp-image-1836\" alt=\"\" \/><\/figure><\/div>\t\t\t\t<\/div>\n\t\t\t\t<\/div>\n\t\t\t\t\t<\/div>\n\t\t<\/div>\n\t\t\t\t<div class=\"elementor-column elementor-col-50 elementor-inner-column elementor-element elementor-element-22b1a59\" data-id=\"22b1a59\" data-element_type=\"column\">\n\t\t\t<div class=\"elementor-widget-wrap elementor-element-populated\">\n\t\t\t\t\t\t<div class=\"elementor-element elementor-element-8736ca1 elementor-position-left elementor-vertical-align-top elementor-widget elementor-widget-image-box\" data-id=\"8736ca1\" data-element_type=\"widget\" data-widget_type=\"image-box.default\">\n\t\t\t\t<div class=\"elementor-widget-container\">\n\t\t\t\t\t<div class=\"elementor-image-box-wrapper\"><figure class=\"elementor-image-box-img\"><img loading=\"lazy\" decoding=\"async\" width=\"700\" height=\"300\" src=\"https:\/\/fokken-team.de\/wp-content\/uploads\/2022\/09\/image00356.jpg\" class=\"attachment-full size-full wp-image-1832\" alt=\"\" \/><\/figure><\/div>\t\t\t\t<\/div>\n\t\t\t\t<\/div>\n\t\t\t\t\t<\/div>\n\t\t<\/div>\n\t\t\t\t\t<\/div>\n\t\t<\/section>\n\t\t\t\t<\/div>\n\t\t","protected":false},"excerpt":{"rendered":"<p>\u00dcber uns HDI-Versicherung Die Marke HDI steht unter anderem f\u00fcr individuelle Beratung mit \u00fcber 100-j\u00e4hriger Erfahrung. Dabei spielen Kompetenz und fundiertes Know-how bei der Beratung, im Leistungs- und Schadensfall sowie in der Schadenpr\u00e4vention eine essenzielle Rolle. Nach diesem Leitbild handeln auch wir. Durch die Zugeh\u00f6rigkeit zur HDI k\u00f6nnen wir auf einen gro\u00dfen Pool an spezialisierten [&#8230;]\n","protected":false},"author":1,"featured_media":0,"parent":0,"menu_order":0,"comment_status":"closed","ping_status":"closed","template":"","meta":{"footnotes":""},"class_list":["post-100","page","type-page","status-publish","hentry"],"yoast_head":"<!-- This site is optimized with the Yoast SEO plugin v24.8.1 - https:\/\/yoast.com\/wordpress\/plugins\/seo\/ -->\n<title>\u00dcber uns - Fokken &amp; Team<\/title>\n<meta name=\"robots\" content=\"index, follow, max-snippet:-1, max-image-preview:large, max-video-preview:-1\" \/>\n<link rel=\"canonical\" href=\"https:\/\/fokken-team.de\/?page_id=100\" \/>\n<meta property=\"og:locale\" content=\"de_DE\" \/>\n<meta property=\"og:type\" content=\"article\" \/>\n<meta property=\"og:title\" content=\"\u00dcber uns - Fokken &amp; Team\" \/>\n<meta property=\"og:description\" content=\"\u00dcber uns HDI-Versicherung Die Marke HDI steht unter anderem f\u00fcr individuelle Beratung mit \u00fcber 100-j\u00e4hriger Erfahrung. Dabei spielen Kompetenz und fundiertes Know-how bei der Beratung, im Leistungs- und Schadensfall sowie in der Schadenpr\u00e4vention eine essenzielle Rolle. Nach diesem Leitbild handeln auch wir. Durch die Zugeh\u00f6rigkeit zur HDI k\u00f6nnen wir auf einen gro\u00dfen Pool an spezialisierten [...]\" \/>\n<meta property=\"og:url\" content=\"https:\/\/fokken-team.de\/?page_id=100\" \/>\n<meta property=\"og:site_name\" content=\"Fokken &amp; Team\" \/>\n<meta property=\"article:modified_time\" content=\"2022-09-20T01:04:59+00:00\" \/>\n<meta property=\"og:image\" content=\"https:\/\/fokken-team.de\/wp-content\/uploads\/2022\/09\/Fokken-ueber-uns-Bildelement-02.jpg\" \/>\n<meta name=\"twitter:card\" content=\"summary_large_image\" \/>\n<meta name=\"twitter:label1\" content=\"Gesch\u00e4tzte Lesezeit\" \/>\n\t<meta name=\"twitter:data1\" content=\"1\u00a0Minute\" \/>\n<script type=\"application\/ld+json\" class=\"yoast-schema-graph\">{\"@context\":\"https:\/\/schema.org\",\"@graph\":[{\"@type\":\"WebPage\",\"@id\":\"https:\/\/fokken-team.de\/?page_id=100\",\"url\":\"https:\/\/fokken-team.de\/?page_id=100\",\"name\":\"\u00dcber uns - Fokken &amp; Team\",\"isPartOf\":{\"@id\":\"https:\/\/fokken-team.de\/#website\"},\"primaryImageOfPage\":{\"@id\":\"https:\/\/fokken-team.de\/?page_id=100#primaryimage\"},\"image\":{\"@id\":\"https:\/\/fokken-team.de\/?page_id=100#primaryimage\"},\"thumbnailUrl\":\"https:\/\/fokken-team.de\/wp-content\/uploads\/2022\/09\/Fokken-ueber-uns-Bildelement-02.jpg\",\"datePublished\":\"2018-06-20T08:02:57+00:00\",\"dateModified\":\"2022-09-20T01:04:59+00:00\",\"breadcrumb\":{\"@id\":\"https:\/\/fokken-team.de\/?page_id=100#breadcrumb\"},\"inLanguage\":\"de\",\"potentialAction\":[{\"@type\":\"ReadAction\",\"target\":[\"https:\/\/fokken-team.de\/?page_id=100\"]}]},{\"@type\":\"ImageObject\",\"inLanguage\":\"de\",\"@id\":\"https:\/\/fokken-team.de\/?page_id=100#primaryimage\",\"url\":\"https:\/\/fokken-team.de\/wp-content\/uploads\/2022\/09\/Fokken-ueber-uns-Bildelement-02.jpg\",\"contentUrl\":\"https:\/\/fokken-team.de\/wp-content\/uploads\/2022\/09\/Fokken-ueber-uns-Bildelement-02.jpg\",\"width\":844,\"height\":591},{\"@type\":\"BreadcrumbList\",\"@id\":\"https:\/\/fokken-team.de\/?page_id=100#breadcrumb\",\"itemListElement\":[{\"@type\":\"ListItem\",\"position\":1,\"name\":\"Startseite\",\"item\":\"https:\/\/fokken-team.de\/\"},{\"@type\":\"ListItem\",\"position\":2,\"name\":\"\u00dcber uns\"}]},{\"@type\":\"WebSite\",\"@id\":\"https:\/\/fokken-team.de\/#website\",\"url\":\"https:\/\/fokken-team.de\/\",\"name\":\"Fokken & Kollegen\",\"description\":\"\",\"publisher\":{\"@id\":\"https:\/\/fokken-team.de\/#organization\"},\"potentialAction\":[{\"@type\":\"SearchAction\",\"target\":{\"@type\":\"EntryPoint\",\"urlTemplate\":\"https:\/\/fokken-team.de\/?s={search_term_string}\"},\"query-input\":{\"@type\":\"PropertyValueSpecification\",\"valueRequired\":true,\"valueName\":\"search_term_string\"}}],\"inLanguage\":\"de\"},{\"@type\":\"Organization\",\"@id\":\"https:\/\/fokken-team.de\/#organization\",\"name\":\"Fokken & Kollegen\",\"url\":\"https:\/\/fokken-team.de\/\",\"logo\":{\"@type\":\"ImageObject\",\"inLanguage\":\"de\",\"@id\":\"https:\/\/fokken-team.de\/#\/schema\/logo\/image\/\",\"url\":\"https:\/\/fokken-team.de\/wp-content\/uploads\/2020\/03\/cropped-cropped-entwuerfe_fokken-kollegen_logo_vorabversion-e1639586232564.png\",\"contentUrl\":\"https:\/\/fokken-team.de\/wp-content\/uploads\/2020\/03\/cropped-cropped-entwuerfe_fokken-kollegen_logo_vorabversion-e1639586232564.png\",\"width\":350,\"height\":192,\"caption\":\"Fokken & Kollegen\"},\"image\":{\"@id\":\"https:\/\/fokken-team.de\/#\/schema\/logo\/image\/\"}}]}<\/script>\n<!-- \/ Yoast SEO plugin. -->","yoast_head_json":{"title":"\u00dcber uns - Fokken &amp; Team","robots":{"index":"index","follow":"follow","max-snippet":"max-snippet:-1","max-image-preview":"max-image-preview:large","max-video-preview":"max-video-preview:-1"},"canonical":"https:\/\/fokken-team.de\/?page_id=100","og_locale":"de_DE","og_type":"article","og_title":"\u00dcber uns - Fokken &amp; Team","og_description":"\u00dcber uns HDI-Versicherung Die Marke HDI steht unter anderem f\u00fcr individuelle Beratung mit \u00fcber 100-j\u00e4hriger Erfahrung. Dabei spielen Kompetenz und fundiertes Know-how bei der Beratung, im Leistungs- und Schadensfall sowie in der Schadenpr\u00e4vention eine essenzielle Rolle. Nach diesem Leitbild handeln auch wir. Durch die Zugeh\u00f6rigkeit zur HDI k\u00f6nnen wir auf einen gro\u00dfen Pool an spezialisierten [...]","og_url":"https:\/\/fokken-team.de\/?page_id=100","og_site_name":"Fokken &amp; Team","article_modified_time":"2022-09-20T01:04:59+00:00","og_image":[{"url":"https:\/\/fokken-team.de\/wp-content\/uploads\/2022\/09\/Fokken-ueber-uns-Bildelement-02.jpg","type":"","width":"","height":""}],"twitter_card":"summary_large_image","twitter_misc":{"Gesch\u00e4tzte Lesezeit":"1\u00a0Minute"},"schema":{"@context":"https:\/\/schema.org","@graph":[{"@type":"WebPage","@id":"https:\/\/fokken-team.de\/?page_id=100","url":"https:\/\/fokken-team.de\/?page_id=100","name":"\u00dcber uns - Fokken &amp; Team","isPartOf":{"@id":"https:\/\/fokken-team.de\/#website"},"primaryImageOfPage":{"@id":"https:\/\/fokken-team.de\/?page_id=100#primaryimage"},"image":{"@id":"https:\/\/fokken-team.de\/?page_id=100#primaryimage"},"thumbnailUrl":"https:\/\/fokken-team.de\/wp-content\/uploads\/2022\/09\/Fokken-ueber-uns-Bildelement-02.jpg","datePublished":"2018-06-20T08:02:57+00:00","dateModified":"2022-09-20T01:04:59+00:00","breadcrumb":{"@id":"https:\/\/fokken-team.de\/?page_id=100#breadcrumb"},"inLanguage":"de","potentialAction":[{"@type":"ReadAction","target":["https:\/\/fokken-team.de\/?page_id=100"]}]},{"@type":"ImageObject","inLanguage":"de","@id":"https:\/\/fokken-team.de\/?page_id=100#primaryimage","url":"https:\/\/fokken-team.de\/wp-content\/uploads\/2022\/09\/Fokken-ueber-uns-Bildelement-02.jpg","contentUrl":"https:\/\/fokken-team.de\/wp-content\/uploads\/2022\/09\/Fokken-ueber-uns-Bildelement-02.jpg","width":844,"height":591},{"@type":"BreadcrumbList","@id":"https:\/\/fokken-team.de\/?page_id=100#breadcrumb","itemListElement":[{"@type":"ListItem","position":1,"name":"Startseite","item":"https:\/\/fokken-team.de\/"},{"@type":"ListItem","position":2,"name":"\u00dcber uns"}]},{"@type":"WebSite","@id":"https:\/\/fokken-team.de\/#website","url":"https:\/\/fokken-team.de\/","name":"Fokken & Kollegen","description":"","publisher":{"@id":"https:\/\/fokken-team.de\/#organization"},"potentialAction":[{"@type":"SearchAction","target":{"@type":"EntryPoint","urlTemplate":"https:\/\/fokken-team.de\/?s={search_term_string}"},"query-input":{"@type":"PropertyValueSpecification","valueRequired":true,"valueName":"search_term_string"}}],"inLanguage":"de"},{"@type":"Organization","@id":"https:\/\/fokken-team.de\/#organization","name":"Fokken & Kollegen","url":"https:\/\/fokken-team.de\/","logo":{"@type":"ImageObject","inLanguage":"de","@id":"https:\/\/fokken-team.de\/#\/schema\/logo\/image\/","url":"https:\/\/fokken-team.de\/wp-content\/uploads\/2020\/03\/cropped-cropped-entwuerfe_fokken-kollegen_logo_vorabversion-e1639586232564.png","contentUrl":"https:\/\/fokken-team.de\/wp-content\/uploads\/2020\/03\/cropped-cropped-entwuerfe_fokken-kollegen_logo_vorabversion-e1639586232564.png","width":350,"height":192,"caption":"Fokken & Kollegen"},"image":{"@id":"https:\/\/fokken-team.de\/#\/schema\/logo\/image\/"}}]}},"_links":{"self":[{"href":"https:\/\/fokken-team.de\/index.php?rest_route=\/wp\/v2\/pages\/100","targetHints":{"allow":["GET"]}}],"collection":[{"href":"https:\/\/fokken-team.de\/index.php?rest_route=\/wp\/v2\/pages"}],"about":[{"href":"https:\/\/fokken-team.de\/index.php?rest_route=\/wp\/v2\/types\/page"}],"author":[{"embeddable":true,"href":"https:\/\/fokken-team.de\/index.php?rest_route=\/wp\/v2\/users\/1"}],"replies":[{"embeddable":true,"href":"https:\/\/fokken-team.de\/index.php?rest_route=%2Fwp%2Fv2%2Fcomments&post=100"}],"version-history":[{"count":169,"href":"https:\/\/fokken-team.de\/index.php?rest_route=\/wp\/v2\/pages\/100\/revisions"}],"predecessor-version":[{"id":2079,"href":"https:\/\/fokken-team.de\/index.php?rest_route=\/wp\/v2\/pages\/100\/revisions\/2079"}],"wp:attachment":[{"href":"https:\/\/fokken-team.de\/index.php?rest_route=%2Fwp%2Fv2%2Fmedia&parent=100"}],"curies":[{"name":"wp","href":"https:\/\/api.w.org\/{rel}","templated":true}]}}